{"id":8178,"date":"2025-09-11T09:27:05","date_gmt":"2025-09-11T08:27:05","guid":{"rendered":"https:\/\/eyzen.net\/?page_id=8178"},"modified":"2025-09-11T09:29:15","modified_gmt":"2025-09-11T08:29:15","slug":"meeting-2","status":"publish","type":"page","link":"https:\/\/eyzen.net\/index.php\/es\/meeting-2\/","title":{"rendered":"Meeting 2"},"content":{"rendered":"\t\t<div data-elementor-type=\"wp-page\" data-elementor-id=\"8178\" class=\"elementor elementor-8178\">\n\t\t\t\t<div class=\"elementor-element elementor-element-bc63d01 e-flex e-con-boxed e-con e-parent\" data-id=\"bc63d01\" data-element_type=\"container\" data-e-type=\"container\" data-settings=\"{&quot;background_background&quot;:&quot;slideshow&quot;,&quot;background_slideshow_gallery&quot;:[],&quot;background_slideshow_loop&quot;:&quot;yes&quot;,&quot;background_slideshow_slide_duration&quot;:5000,&quot;background_slideshow_slide_transition&quot;:&quot;fade&quot;,&quot;background_slideshow_transition_duration&quot;:500}\">\n\t\t\t\t\t<div class=\"e-con-inner\">\n\t\t\t\t<div class=\"elementor-element elementor-element-6319dce elementor-widget elementor-widget-heading\" data-id=\"6319dce\" data-element_type=\"widget\" data-e-type=\"widget\" data-widget_type=\"heading.default\">\n\t\t\t\t<div class=\"elementor-widget-container\">\n\t\t\t\t\t<h2 class=\"elementor-heading-title elementor-size-default\">Meeting 1<\/h2>\t\t\t\t<\/div>\n\t\t\t\t<\/div>\n\t\t\t\t\t<\/div>\n\t\t\t\t<\/div>\n\t\t<div class=\"elementor-element elementor-element-fd46e71 e-flex e-con-boxed e-con e-parent\" data-id=\"fd46e71\" data-element_type=\"container\" data-e-type=\"container\">\n\t\t\t\t\t<div class=\"e-con-inner\">\n\t\t\t\t<div class=\"elementor-element elementor-element-e137dcb elementor-widget elementor-widget-spacer\" data-id=\"e137dcb\" data-element_type=\"widget\" data-e-type=\"widget\" data-widget_type=\"spacer.default\">\n\t\t\t\t<div class=\"elementor-widget-container\">\n\t\t\t\t\t\t\t<div class=\"elementor-spacer\">\n\t\t\t<div class=\"elementor-spacer-inner\"><\/div>\n\t\t<\/div>\n\t\t\t\t\t\t<\/div>\n\t\t\t\t<\/div>\n\t\t\t\t\t<\/div>\n\t\t\t\t<\/div>\n\t\t<div class=\"elementor-element elementor-element-1b36d21 e-flex e-con-boxed e-con e-parent\" data-id=\"1b36d21\" data-element_type=\"container\" data-e-type=\"container\">\n\t\t\t\t\t<div class=\"e-con-inner\">\n\t\t\t\t<div class=\"elementor-element elementor-element-8809c8b elementor-widget elementor-widget-heading\" data-id=\"8809c8b\" data-element_type=\"widget\" data-e-type=\"widget\" data-widget_type=\"heading.default\">\n\t\t\t\t<div class=\"elementor-widget-container\">\n\t\t\t\t\t<h2 class=\"elementor-heading-title elementor-size-default\">TPM 2 - Valencia (ES)  16 Junio 2025<\/h2>\t\t\t\t<\/div>\n\t\t\t\t<\/div>\n\t\t\t\t<div class=\"elementor-element elementor-element-58601fe elementor-widget elementor-widget-text-editor\" data-id=\"58601fe\" data-element_type=\"widget\" data-e-type=\"widget\" data-widget_type=\"text-editor.default\">\n\t\t\t\t<div class=\"elementor-widget-container\">\n\t\t\t\t\t\t\t\t\t<p id=\"tw-target-text\" class=\"tw-data-text tw-text-large tw-ta\" dir=\"ltr\" tabindex=\"-1\" role=\"text\" data-placeholder=\"Traducci\u00f3n\" data-ved=\"2ahUKEwj1jPrCoNCPAxW-VqQEHf4yDSgQ3ewLegQIChAV\" aria-label=\"Texto traducido: On June 16, 2025, the Eyzen project's TPM2 was held in Valencia. The PLE was presented with more than 100 artificial intelligence tools, and work was also done on categorizing AI tool courses. Finally, the website and video tutorials were presented.\">El 16 de junio de 2025 se celebr\u00f3 en Valencia el TPM2 del proyecto Eyzen. Se presentaron al PLE m\u00e1s de 100 herramientas de inteligencia artificial y tambi\u00e9n se trabaj\u00f3 en la categorizaci\u00f3n de cursos sobre herramientas de IA. Finalmente, se presentaron la p\u00e1gina web y los videotutoriales.<\/p>\t\t\t\t\t\t\t\t<\/div>\n\t\t\t\t<\/div>\n\t\t\t\t\t<\/div>\n\t\t\t\t<\/div>\n\t\t<div class=\"elementor-element elementor-element-1231b7b e-flex e-con-boxed e-con e-parent\" data-id=\"1231b7b\" data-element_type=\"container\" data-e-type=\"container\">\n\t\t\t\t\t<div class=\"e-con-inner\">\n\t\t\t\t\t<\/div>\n\t\t\t\t<\/div>\n\t\t<div class=\"elementor-element elementor-element-6ff98f5 e-flex e-con-boxed e-con e-parent\" data-id=\"6ff98f5\" data-element_type=\"container\" data-e-type=\"container\">\n\t\t\t\t\t<div class=\"e-con-inner\">\n\t\t\t\t<div class=\"elementor-element elementor-element-d9c8a3a elementor-widget elementor-widget-image\" data-id=\"d9c8a3a\" data-element_type=\"widget\" data-e-type=\"widget\" data-widget_type=\"image.default\">\n\t\t\t\t<div class=\"elementor-widget-container\">\n\t\t\t\t\t\t\t\t\t\t\t\t\t\t\t<img fetchpriority=\"high\" decoding=\"async\" width=\"2560\" height=\"1920\" src=\"https:\/\/eyzen.net\/wp-content\/uploads\/2025\/09\/meeting2-1-scaled.jpg\" class=\"attachment-full size-full wp-image-8174\" alt=\"\" srcset=\"https:\/\/eyzen.net\/wp-content\/uploads\/2025\/09\/meeting2-1-scaled.jpg 2560w, https:\/\/eyzen.net\/wp-content\/uploads\/2025\/09\/meeting2-1-300x225.jpg 300w, https:\/\/eyzen.net\/wp-content\/uploads\/2025\/09\/meeting2-1-1024x768.jpg 1024w, https:\/\/eyzen.net\/wp-content\/uploads\/2025\/09\/meeting2-1-768x576.jpg 768w, https:\/\/eyzen.net\/wp-content\/uploads\/2025\/09\/meeting2-1-1536x1152.jpg 1536w, https:\/\/eyzen.net\/wp-content\/uploads\/2025\/09\/meeting2-1-2048x1536.jpg 2048w\" sizes=\"(max-width: 2560px) 100vw, 2560px\" \/>\t\t\t\t\t\t\t\t\t\t\t\t\t\t\t<\/div>\n\t\t\t\t<\/div>\n\t\t\t\t\t<\/div>\n\t\t\t\t<\/div>\n\t\t<div class=\"elementor-element elementor-element-28905d3 e-flex e-con-boxed e-con e-parent\" data-id=\"28905d3\" data-element_type=\"container\" data-e-type=\"container\">\n\t\t\t\t\t<div class=\"e-con-inner\">\n\t\t\t\t<div class=\"elementor-element elementor-element-a3ec21d elementor-widget elementor-widget-image\" data-id=\"a3ec21d\" data-element_type=\"widget\" data-e-type=\"widget\" data-widget_type=\"image.default\">\n\t\t\t\t<div class=\"elementor-widget-container\">\n\t\t\t\t\t\t\t\t\t\t\t\t\t\t\t<img decoding=\"async\" width=\"2560\" height=\"1920\" src=\"https:\/\/eyzen.net\/wp-content\/uploads\/2025\/09\/meeting2-2-scaled.jpg\" class=\"attachment-full size-full wp-image-8173\" alt=\"\" srcset=\"https:\/\/eyzen.net\/wp-content\/uploads\/2025\/09\/meeting2-2-scaled.jpg 2560w, https:\/\/eyzen.net\/wp-content\/uploads\/2025\/09\/meeting2-2-300x225.jpg 300w, https:\/\/eyzen.net\/wp-content\/uploads\/2025\/09\/meeting2-2-1024x768.jpg 1024w, https:\/\/eyzen.net\/wp-content\/uploads\/2025\/09\/meeting2-2-768x576.jpg 768w, https:\/\/eyzen.net\/wp-content\/uploads\/2025\/09\/meeting2-2-1536x1152.jpg 1536w, https:\/\/eyzen.net\/wp-content\/uploads\/2025\/09\/meeting2-2-2048x1536.jpg 2048w\" sizes=\"(max-width: 2560px) 100vw, 2560px\" \/>\t\t\t\t\t\t\t\t\t\t\t\t\t\t\t<\/div>\n\t\t\t\t<\/div>\n\t\t\t\t\t<\/div>\n\t\t\t\t<\/div>\n\t\t<div class=\"elementor-element elementor-element-8f0b544 e-flex e-con-boxed e-con e-parent\" data-id=\"8f0b544\" data-element_type=\"container\" data-e-type=\"container\">\n\t\t\t\t\t<div class=\"e-con-inner\">\n\t\t\t\t<div class=\"elementor-element elementor-element-a4d8af8 elementor-widget elementor-widget-image\" data-id=\"a4d8af8\" data-element_type=\"widget\" data-e-type=\"widget\" data-widget_type=\"image.default\">\n\t\t\t\t<div class=\"elementor-widget-container\">\n\t\t\t\t\t\t\t\t\t\t\t\t\t\t\t<img decoding=\"async\" width=\"2560\" height=\"1920\" src=\"https:\/\/eyzen.net\/wp-content\/uploads\/2025\/09\/meeting2-3-scaled.jpg\" class=\"attachment-full size-full wp-image-8172\" alt=\"\" srcset=\"https:\/\/eyzen.net\/wp-content\/uploads\/2025\/09\/meeting2-3-scaled.jpg 2560w, https:\/\/eyzen.net\/wp-content\/uploads\/2025\/09\/meeting2-3-300x225.jpg 300w, https:\/\/eyzen.net\/wp-content\/uploads\/2025\/09\/meeting2-3-1024x768.jpg 1024w, https:\/\/eyzen.net\/wp-content\/uploads\/2025\/09\/meeting2-3-768x576.jpg 768w, https:\/\/eyzen.net\/wp-content\/uploads\/2025\/09\/meeting2-3-1536x1152.jpg 1536w, https:\/\/eyzen.net\/wp-content\/uploads\/2025\/09\/meeting2-3-2048x1536.jpg 2048w\" sizes=\"(max-width: 2560px) 100vw, 2560px\" \/>\t\t\t\t\t\t\t\t\t\t\t\t\t\t\t<\/div>\n\t\t\t\t<\/div>\n\t\t\t\t\t<\/div>\n\t\t\t\t<\/div>\n\t\t\t\t<\/div>\n\t\t","protected":false},"excerpt":{"rendered":"<p>Meeting 1 TPM 2 &#8211; Valencia (ES) 16 Junio 2025 El 16 de junio de 2025 se celebr\u00f3 en Valencia&#8230;<\/p>\n","protected":false},"author":2,"featured_media":0,"parent":0,"menu_order":0,"comment_status":"closed","ping_status":"closed","template":"","meta":{"footnotes":""},"class_list":["post-8178","page","type-page","status-publish","hentry"],"_links":{"self":[{"href":"https:\/\/eyzen.net\/index.php\/wp-json\/wp\/v2\/pages\/8178","targetHints":{"allow":["GET"]}}],"collection":[{"href":"https:\/\/eyzen.net\/index.php\/wp-json\/wp\/v2\/pages"}],"about":[{"href":"https:\/\/eyzen.net\/index.php\/wp-json\/wp\/v2\/types\/page"}],"author":[{"embeddable":true,"href":"https:\/\/eyzen.net\/index.php\/wp-json\/wp\/v2\/users\/2"}],"replies":[{"embeddable":true,"href":"https:\/\/eyzen.net\/index.php\/wp-json\/wp\/v2\/comments?post=8178"}],"version-history":[{"count":4,"href":"https:\/\/eyzen.net\/index.php\/wp-json\/wp\/v2\/pages\/8178\/revisions"}],"predecessor-version":[{"id":8186,"href":"https:\/\/eyzen.net\/index.php\/wp-json\/wp\/v2\/pages\/8178\/revisions\/8186"}],"wp:attachment":[{"href":"https:\/\/eyzen.net\/index.php\/wp-json\/wp\/v2\/media?parent=8178"}],"curies":[{"name":"wp","href":"https:\/\/api.w.org\/{rel}","templated":true}]}}