{"id":8161,"date":"2025-09-11T08:44:40","date_gmt":"2025-09-11T07:44:40","guid":{"rendered":"https:\/\/eyzen.net\/?page_id=8161"},"modified":"2025-09-11T08:47:06","modified_gmt":"2025-09-11T07:47:06","slug":"meeting-1-2","status":"publish","type":"page","link":"https:\/\/eyzen.net\/index.php\/es\/meeting-1-2\/","title":{"rendered":"Meeting 1"},"content":{"rendered":"\t\t<div data-elementor-type=\"wp-page\" data-elementor-id=\"8161\" class=\"elementor elementor-8161\">\n\t\t\t\t<div class=\"elementor-element elementor-element-bc63d01 e-flex e-con-boxed e-con e-parent\" data-id=\"bc63d01\" data-element_type=\"container\" data-e-type=\"container\" data-settings=\"{&quot;background_background&quot;:&quot;slideshow&quot;,&quot;background_slideshow_gallery&quot;:[],&quot;background_slideshow_loop&quot;:&quot;yes&quot;,&quot;background_slideshow_slide_duration&quot;:5000,&quot;background_slideshow_slide_transition&quot;:&quot;fade&quot;,&quot;background_slideshow_transition_duration&quot;:500}\">\n\t\t\t\t\t<div class=\"e-con-inner\">\n\t\t\t\t<div class=\"elementor-element elementor-element-6319dce elementor-widget elementor-widget-heading\" data-id=\"6319dce\" data-element_type=\"widget\" data-e-type=\"widget\" data-widget_type=\"heading.default\">\n\t\t\t\t<div class=\"elementor-widget-container\">\n\t\t\t\t\t<h2 class=\"elementor-heading-title elementor-size-default\">Meeting 1<\/h2>\t\t\t\t<\/div>\n\t\t\t\t<\/div>\n\t\t\t\t\t<\/div>\n\t\t\t\t<\/div>\n\t\t<div class=\"elementor-element elementor-element-fd46e71 e-flex e-con-boxed e-con e-parent\" data-id=\"fd46e71\" data-element_type=\"container\" data-e-type=\"container\">\n\t\t\t\t\t<div class=\"e-con-inner\">\n\t\t\t\t<div class=\"elementor-element elementor-element-e137dcb elementor-widget elementor-widget-spacer\" data-id=\"e137dcb\" data-element_type=\"widget\" data-e-type=\"widget\" data-widget_type=\"spacer.default\">\n\t\t\t\t<div class=\"elementor-widget-container\">\n\t\t\t\t\t\t\t<div class=\"elementor-spacer\">\n\t\t\t<div class=\"elementor-spacer-inner\"><\/div>\n\t\t<\/div>\n\t\t\t\t\t\t<\/div>\n\t\t\t\t<\/div>\n\t\t\t\t\t<\/div>\n\t\t\t\t<\/div>\n\t\t<div class=\"elementor-element elementor-element-1b36d21 e-flex e-con-boxed e-con e-parent\" data-id=\"1b36d21\" data-element_type=\"container\" data-e-type=\"container\">\n\t\t\t\t\t<div class=\"e-con-inner\">\n\t\t\t\t<div class=\"elementor-element elementor-element-8809c8b elementor-widget elementor-widget-heading\" data-id=\"8809c8b\" data-element_type=\"widget\" data-e-type=\"widget\" data-widget_type=\"heading.default\">\n\t\t\t\t<div class=\"elementor-widget-container\">\n\t\t\t\t\t<h2 class=\"elementor-heading-title elementor-size-default\">TPM 1 - Kayseri (TK) 27 Octubre 2024<\/h2>\t\t\t\t<\/div>\n\t\t\t\t<\/div>\n\t\t\t\t<div class=\"elementor-element elementor-element-58601fe elementor-widget elementor-widget-text-editor\" data-id=\"58601fe\" data-element_type=\"widget\" data-e-type=\"widget\" data-widget_type=\"text-editor.default\">\n\t\t\t\t<div class=\"elementor-widget-container\">\n\t\t\t\t\t\t\t\t\t<div dir=\"auto\">Primera reuni\u00f3n presencial en Kayseri, Turqu\u00eda, sobre #ErasmusPlus #KA210-YOU #EYZEN, con socios espa\u00f1oles, h\u00fangaros y turcos.<br \/>El objetivo principal de este proyecto es lograr la integraci\u00f3n de la inteligencia artificial en la educaci\u00f3n. Hemos acordado aspectos importantes como las tareas a realizar, la difusi\u00f3n, el presupuesto y las pr\u00f3ximas reuniones, entre otros aspectos relevantes.<\/div><div dir=\"auto\">\u00a0<\/div>\t\t\t\t\t\t\t\t<\/div>\n\t\t\t\t<\/div>\n\t\t\t\t<div class=\"elementor-element elementor-element-dde27e3 elementor-widget elementor-widget-image\" data-id=\"dde27e3\" data-element_type=\"widget\" data-e-type=\"widget\" data-widget_type=\"image.default\">\n\t\t\t\t<div class=\"elementor-widget-container\">\n\t\t\t\t\t\t\t\t\t\t\t\t\t\t\t<img fetchpriority=\"high\" decoding=\"async\" width=\"1600\" height=\"902\" src=\"https:\/\/eyzen.net\/wp-content\/uploads\/2025\/09\/meetin1-foto1.jpg\" class=\"attachment-full size-full wp-image-8146\" alt=\"\" srcset=\"https:\/\/eyzen.net\/wp-content\/uploads\/2025\/09\/meetin1-foto1.jpg 1600w, https:\/\/eyzen.net\/wp-content\/uploads\/2025\/09\/meetin1-foto1-300x169.jpg 300w, https:\/\/eyzen.net\/wp-content\/uploads\/2025\/09\/meetin1-foto1-1024x577.jpg 1024w, https:\/\/eyzen.net\/wp-content\/uploads\/2025\/09\/meetin1-foto1-768x433.jpg 768w, https:\/\/eyzen.net\/wp-content\/uploads\/2025\/09\/meetin1-foto1-1536x866.jpg 1536w\" sizes=\"(max-width: 1600px) 100vw, 1600px\" \/>\t\t\t\t\t\t\t\t\t\t\t\t\t\t\t<\/div>\n\t\t\t\t<\/div>\n\t\t\t\t\t<\/div>\n\t\t\t\t<\/div>\n\t\t<div class=\"elementor-element elementor-element-1231b7b e-flex e-con-boxed e-con e-parent\" data-id=\"1231b7b\" data-element_type=\"container\" data-e-type=\"container\">\n\t\t\t\t\t<div class=\"e-con-inner\">\n\t\t\t\t<div class=\"elementor-element elementor-element-2fe867a elementor-widget elementor-widget-image\" data-id=\"2fe867a\" data-element_type=\"widget\" data-e-type=\"widget\" data-widget_type=\"image.default\">\n\t\t\t\t<div class=\"elementor-widget-container\">\n\t\t\t\t\t\t\t\t\t\t\t\t\t\t\t<img decoding=\"async\" width=\"2048\" height=\"1536\" src=\"https:\/\/eyzen.net\/wp-content\/uploads\/2025\/09\/meetin1-foto2.jpg\" class=\"attachment-full size-full wp-image-8147\" alt=\"\" srcset=\"https:\/\/eyzen.net\/wp-content\/uploads\/2025\/09\/meetin1-foto2.jpg 2048w, https:\/\/eyzen.net\/wp-content\/uploads\/2025\/09\/meetin1-foto2-300x225.jpg 300w, https:\/\/eyzen.net\/wp-content\/uploads\/2025\/09\/meetin1-foto2-1024x768.jpg 1024w, https:\/\/eyzen.net\/wp-content\/uploads\/2025\/09\/meetin1-foto2-768x576.jpg 768w, https:\/\/eyzen.net\/wp-content\/uploads\/2025\/09\/meetin1-foto2-1536x1152.jpg 1536w\" sizes=\"(max-width: 2048px) 100vw, 2048px\" \/>\t\t\t\t\t\t\t\t\t\t\t\t\t\t\t<\/div>\n\t\t\t\t<\/div>\n\t\t\t\t\t<\/div>\n\t\t\t\t<\/div>\n\t\t<div class=\"elementor-element elementor-element-a9150a0 e-flex e-con-boxed e-con e-parent\" data-id=\"a9150a0\" data-element_type=\"container\" data-e-type=\"container\">\n\t\t\t\t\t<div class=\"e-con-inner\">\n\t\t\t\t<div class=\"elementor-element elementor-element-31c297d elementor-widget elementor-widget-image\" data-id=\"31c297d\" data-element_type=\"widget\" data-e-type=\"widget\" data-widget_type=\"image.default\">\n\t\t\t\t<div class=\"elementor-widget-container\">\n\t\t\t\t\t\t\t\t\t\t\t\t\t\t\t<img decoding=\"async\" width=\"2048\" height=\"1536\" src=\"https:\/\/eyzen.net\/wp-content\/uploads\/2025\/09\/meeting1-foto3.jpg\" class=\"attachment-full size-full wp-image-8148\" alt=\"\" srcset=\"https:\/\/eyzen.net\/wp-content\/uploads\/2025\/09\/meeting1-foto3.jpg 2048w, https:\/\/eyzen.net\/wp-content\/uploads\/2025\/09\/meeting1-foto3-300x225.jpg 300w, https:\/\/eyzen.net\/wp-content\/uploads\/2025\/09\/meeting1-foto3-1024x768.jpg 1024w, https:\/\/eyzen.net\/wp-content\/uploads\/2025\/09\/meeting1-foto3-768x576.jpg 768w, https:\/\/eyzen.net\/wp-content\/uploads\/2025\/09\/meeting1-foto3-1536x1152.jpg 1536w\" sizes=\"(max-width: 2048px) 100vw, 2048px\" \/>\t\t\t\t\t\t\t\t\t\t\t\t\t\t\t<\/div>\n\t\t\t\t<\/div>\n\t\t\t\t\t<\/div>\n\t\t\t\t<\/div>\n\t\t<div class=\"elementor-element elementor-element-a1be0de e-flex e-con-boxed e-con e-parent\" data-id=\"a1be0de\" data-element_type=\"container\" data-e-type=\"container\">\n\t\t\t\t\t<div class=\"e-con-inner\">\n\t\t\t\t\t<\/div>\n\t\t\t\t<\/div>\n\t\t\t\t<\/div>\n\t\t","protected":false},"excerpt":{"rendered":"<p>Meeting 1 TPM 1 &#8211; Kayseri (TK) 27 Octubre 2024 Primera reuni\u00f3n presencial en Kayseri, Turqu\u00eda, sobre #ErasmusPlus #KA210-YOU #EYZEN,&#8230;<\/p>\n","protected":false},"author":2,"featured_media":0,"parent":0,"menu_order":0,"comment_status":"closed","ping_status":"closed","template":"","meta":{"footnotes":""},"class_list":["post-8161","page","type-page","status-publish","hentry"],"_links":{"self":[{"href":"https:\/\/eyzen.net\/index.php\/wp-json\/wp\/v2\/pages\/8161","targetHints":{"allow":["GET"]}}],"collection":[{"href":"https:\/\/eyzen.net\/index.php\/wp-json\/wp\/v2\/pages"}],"about":[{"href":"https:\/\/eyzen.net\/index.php\/wp-json\/wp\/v2\/types\/page"}],"author":[{"embeddable":true,"href":"https:\/\/eyzen.net\/index.php\/wp-json\/wp\/v2\/users\/2"}],"replies":[{"embeddable":true,"href":"https:\/\/eyzen.net\/index.php\/wp-json\/wp\/v2\/comments?post=8161"}],"version-history":[{"count":4,"href":"https:\/\/eyzen.net\/index.php\/wp-json\/wp\/v2\/pages\/8161\/revisions"}],"predecessor-version":[{"id":8169,"href":"https:\/\/eyzen.net\/index.php\/wp-json\/wp\/v2\/pages\/8161\/revisions\/8169"}],"wp:attachment":[{"href":"https:\/\/eyzen.net\/index.php\/wp-json\/wp\/v2\/media?parent=8161"}],"curies":[{"name":"wp","href":"https:\/\/api.w.org\/{rel}","templated":true}]}}