{"id":7837,"date":"2025-08-29T10:06:12","date_gmt":"2025-08-29T09:06:12","guid":{"rendered":"https:\/\/eyzen.net\/?page_id=7837"},"modified":"2026-01-06T15:22:59","modified_gmt":"2026-01-06T14:22:59","slug":"aiva-hu","status":"publish","type":"page","link":"https:\/\/eyzen.net\/index.php\/hu\/aiva-hu\/","title":{"rendered":"AIVA HU"},"content":{"rendered":"\t\t<div data-elementor-type=\"wp-page\" data-elementor-id=\"7837\" class=\"elementor elementor-7837\">\n\t\t\t\t<div class=\"elementor-element elementor-element-b407980 e-flex e-con-boxed e-con e-parent\" data-id=\"b407980\" data-element_type=\"container\" data-e-type=\"container\">\n\t\t\t\t\t<div class=\"e-con-inner\">\n\t\t<div class=\"elementor-element elementor-element-d7f6784 e-con-full e-flex e-con e-child\" data-id=\"d7f6784\" data-element_type=\"container\" data-e-type=\"container\" data-settings=\"{&quot;background_background&quot;:&quot;slideshow&quot;,&quot;background_slideshow_gallery&quot;:[],&quot;background_slideshow_loop&quot;:&quot;yes&quot;,&quot;background_slideshow_slide_duration&quot;:5000,&quot;background_slideshow_slide_transition&quot;:&quot;fade&quot;,&quot;background_slideshow_transition_duration&quot;:500}\">\n\t\t\t\t<div class=\"elementor-element elementor-element-bd06012 elementor-widget elementor-widget-image\" data-id=\"bd06012\" data-element_type=\"widget\" data-e-type=\"widget\" data-widget_type=\"image.default\">\n\t\t\t\t<div class=\"elementor-widget-container\">\n\t\t\t\t\t\t\t\t\t\t\t\t\t\t\t<img fetchpriority=\"high\" decoding=\"async\" width=\"640\" height=\"300\" src=\"https:\/\/eyzen.net\/wp-content\/uploads\/2025\/06\/AIVA.png\" class=\"attachment-large size-large wp-image-7466\" alt=\"\" srcset=\"https:\/\/eyzen.net\/wp-content\/uploads\/2025\/06\/AIVA.png 803w, https:\/\/eyzen.net\/wp-content\/uploads\/2025\/06\/AIVA-300x141.png 300w, https:\/\/eyzen.net\/wp-content\/uploads\/2025\/06\/AIVA-768x361.png 768w\" sizes=\"(max-width: 640px) 100vw, 640px\" \/>\t\t\t\t\t\t\t\t\t\t\t\t\t\t\t<\/div>\n\t\t\t\t<\/div>\n\t\t\t\t<div class=\"elementor-element elementor-element-dafb3a9 elementor-widget elementor-widget-heading\" data-id=\"dafb3a9\" data-element_type=\"widget\" data-e-type=\"widget\" data-widget_type=\"heading.default\">\n\t\t\t\t<div class=\"elementor-widget-container\">\n\t\t\t\t\t<h2 class=\"elementor-heading-title elementor-size-default\">AIVA<\/h2>\t\t\t\t<\/div>\n\t\t\t\t<\/div>\n\t\t\t\t<\/div>\n\t\t\t\t\t<\/div>\n\t\t\t\t<\/div>\n\t\t<div class=\"elementor-element elementor-element-f3c2a2b e-flex e-con-boxed e-con e-parent\" data-id=\"f3c2a2b\" data-element_type=\"container\" data-e-type=\"container\">\n\t\t\t\t\t<div class=\"e-con-inner\">\n\t\t\t\t<div class=\"elementor-element elementor-element-45547c8 elementor-widget elementor-widget-spacer\" data-id=\"45547c8\" data-element_type=\"widget\" data-e-type=\"widget\" data-widget_type=\"spacer.default\">\n\t\t\t\t<div class=\"elementor-widget-container\">\n\t\t\t\t\t\t\t<div class=\"elementor-spacer\">\n\t\t\t<div class=\"elementor-spacer-inner\"><\/div>\n\t\t<\/div>\n\t\t\t\t\t\t<\/div>\n\t\t\t\t<\/div>\n\t\t\t\t\t<\/div>\n\t\t\t\t<\/div>\n\t\t<div class=\"elementor-element elementor-element-bc3557f e-flex e-con-boxed e-con e-parent\" data-id=\"bc3557f\" data-element_type=\"container\" data-e-type=\"container\">\n\t\t\t\t\t<div class=\"e-con-inner\">\n\t\t\t\t<div class=\"elementor-element elementor-element-a370369 elementor-widget elementor-widget-heading\" data-id=\"a370369\" data-element_type=\"widget\" data-e-type=\"widget\" data-widget_type=\"heading.default\">\n\t\t\t\t<div class=\"elementor-widget-container\">\n\t\t\t\t\t<h2 class=\"elementor-heading-title elementor-size-default\">Le\u00edr\u00e1s<\/h2>\t\t\t\t<\/div>\n\t\t\t\t<\/div>\n\t\t\t\t<div class=\"elementor-element elementor-element-c2f0ed4 elementor-widget elementor-widget-text-editor\" data-id=\"c2f0ed4\" data-element_type=\"widget\" data-e-type=\"widget\" data-widget_type=\"text-editor.default\">\n\t\t\t\t<div class=\"elementor-widget-container\">\n\t\t\t\t\t\t\t\t\t<p>Az AIVA (Artificial Intelligence Virtual Artist) klasszikus \u00e9s kort\u00e1rs kott\u00e1k alapj\u00e1n k\u00e9pzett m\u00e9lytanul\u00e1si modellek seg\u00edts\u00e9g\u00e9vel k\u00fcl\u00f6nb\u00f6z\u0151 hangulatokban \u00e9s m\u0171fajokban kompon\u00e1l eredeti instrument\u00e1lis zen\u00e9t.<\/p><p><a href=\"https:\/\/aiva.ai\">https:\/\/aiva.ai<\/a><\/p>\t\t\t\t\t\t\t\t<\/div>\n\t\t\t\t<\/div>\n\t\t\t\t\t<\/div>\n\t\t\t\t<\/div>\n\t\t<div class=\"elementor-element elementor-element-12aa1b8 e-flex e-con-boxed e-con e-parent\" data-id=\"12aa1b8\" data-element_type=\"container\" data-e-type=\"container\">\n\t\t\t\t\t<div class=\"e-con-inner\">\n\t\t\t\t<div class=\"elementor-element elementor-element-74262ee elementor-widget elementor-widget-spacer\" data-id=\"74262ee\" data-element_type=\"widget\" data-e-type=\"widget\" data-widget_type=\"spacer.default\">\n\t\t\t\t<div class=\"elementor-widget-container\">\n\t\t\t\t\t\t\t<div class=\"elementor-spacer\">\n\t\t\t<div class=\"elementor-spacer-inner\"><\/div>\n\t\t<\/div>\n\t\t\t\t\t\t<\/div>\n\t\t\t\t<\/div>\n\t\t\t\t\t<\/div>\n\t\t\t\t<\/div>\n\t\t<div class=\"elementor-element elementor-element-442acd6 e-flex e-con-boxed e-con e-parent\" data-id=\"442acd6\" data-element_type=\"container\" data-e-type=\"container\">\n\t\t\t\t\t<div class=\"e-con-inner\">\n\t\t\t\t<div class=\"elementor-element elementor-element-b5a7204 elementor-widget elementor-widget-video\" data-id=\"b5a7204\" data-element_type=\"widget\" data-e-type=\"widget\" data-settings=\"{&quot;youtube_url&quot;:&quot;https:\\\/\\\/youtu.be\\\/eRjY9iVEGqk&quot;,&quot;video_type&quot;:&quot;youtube&quot;,&quot;controls&quot;:&quot;yes&quot;}\" data-widget_type=\"video.default\">\n\t\t\t\t<div class=\"elementor-widget-container\">\n\t\t\t\t\t\t\t<div class=\"elementor-wrapper elementor-open-inline\">\n\t\t\t<div class=\"elementor-video\"><\/div>\t\t<\/div>\n\t\t\t\t\t\t<\/div>\n\t\t\t\t<\/div>\n\t\t\t\t\t<\/div>\n\t\t\t\t<\/div>\n\t\t<div class=\"elementor-element elementor-element-2b59596 e-flex e-con-boxed e-con e-parent\" data-id=\"2b59596\" data-element_type=\"container\" data-e-type=\"container\">\n\t\t\t\t\t<div class=\"e-con-inner\">\n\t\t\t\t<div class=\"elementor-element elementor-element-bb34c49 elementor-widget elementor-widget-spacer\" data-id=\"bb34c49\" data-element_type=\"widget\" data-e-type=\"widget\" data-widget_type=\"spacer.default\">\n\t\t\t\t<div class=\"elementor-widget-container\">\n\t\t\t\t\t\t\t<div class=\"elementor-spacer\">\n\t\t\t<div class=\"elementor-spacer-inner\"><\/div>\n\t\t<\/div>\n\t\t\t\t\t\t<\/div>\n\t\t\t\t<\/div>\n\t\t\t\t\t<\/div>\n\t\t\t\t<\/div>\n\t\t<div class=\"elementor-element elementor-element-7fefb46 e-flex e-con-boxed e-con e-parent\" data-id=\"7fefb46\" data-element_type=\"container\" data-e-type=\"container\">\n\t\t\t\t\t<div class=\"e-con-inner\">\n\t\t\t\t<div class=\"elementor-element elementor-element-0cec371 elementor-widget elementor-widget-heading\" data-id=\"0cec371\" data-element_type=\"widget\" data-e-type=\"widget\" data-widget_type=\"heading.default\">\n\t\t\t\t<div class=\"elementor-widget-container\">\n\t\t\t\t\t<h2 class=\"elementor-heading-title elementor-size-default\">\u00c9rdekl\u0151d\u00e9s a fiatalok ir\u00e1nt<\/h2>\t\t\t\t<\/div>\n\t\t\t\t<\/div>\n\t\t\t\t<div class=\"elementor-element elementor-element-5f7a325 elementor-widget__width-initial elementor-widget elementor-widget-text-editor\" data-id=\"5f7a325\" data-element_type=\"widget\" data-e-type=\"widget\" data-widget_type=\"text-editor.default\">\n\t\t\t\t<div class=\"elementor-widget-container\">\n\t\t\t\t\t\t\t\t\t<p>Ez az AI lehet\u0151v\u00e9 teszi a kezd\u0151 zeneszerz\u0151knek, hogy k\u00eds\u00e9rletezzenek az orchestr\u00e1ci\u00f3val \u00e9s interakt\u00edv m\u00f3don tanulj\u00e1k a zeneelm\u00e9letet. Ezenk\u00edv\u00fcl:<\/p><p>\u2022 Azonnal bemutatja a kompoz\u00edci\u00f3s \u00f6tleteket,<br \/>\u2022 Megtan\u00edtja a szerkezetet (akkordmenetek, mot\u00edvumok),<br \/>\u2022 Alkalmas j\u00e1t\u00e9kjamekhez, podcastokhoz, videoprojektekhez,<br \/>\u2022 \u00d6szt\u00f6nzi a programoz\u00f3k \u00e9s a zen\u00e9szek k\u00f6z\u00f6tti egy\u00fcttm\u0171k\u00f6d\u00e9st.<\/p>\t\t\t\t\t\t\t\t<\/div>\n\t\t\t\t<\/div>\n\t\t\t\t\t<\/div>\n\t\t\t\t<\/div>\n\t\t<div class=\"elementor-element elementor-element-764635f e-flex e-con-boxed e-con e-parent\" data-id=\"764635f\" data-element_type=\"container\" data-e-type=\"container\">\n\t\t\t\t\t<div class=\"e-con-inner\">\n\t\t\t\t<div class=\"elementor-element elementor-element-0e7975b elementor-widget elementor-widget-spacer\" data-id=\"0e7975b\" data-element_type=\"widget\" data-e-type=\"widget\" data-widget_type=\"spacer.default\">\n\t\t\t\t<div class=\"elementor-widget-container\">\n\t\t\t\t\t\t\t<div class=\"elementor-spacer\">\n\t\t\t<div class=\"elementor-spacer-inner\"><\/div>\n\t\t<\/div>\n\t\t\t\t\t\t<\/div>\n\t\t\t\t<\/div>\n\t\t\t\t\t<\/div>\n\t\t\t\t<\/div>\n\t\t<div class=\"elementor-element elementor-element-7148ee6 e-flex e-con-boxed e-con e-parent\" data-id=\"7148ee6\" data-element_type=\"container\" data-e-type=\"container\">\n\t\t\t\t\t<div class=\"e-con-inner\">\n\t\t\t\t<div class=\"elementor-element elementor-element-9e51d34 elementor-widget elementor-widget-heading\" data-id=\"9e51d34\" data-element_type=\"widget\" data-e-type=\"widget\" data-widget_type=\"heading.default\">\n\t\t\t\t<div class=\"elementor-widget-container\">\n\t\t\t\t\t<h2 class=\"elementor-heading-title elementor-size-default\">Alapvet\u0151 haszn\u00e1lat le\u00edr\u00e1sa<\/h2>\t\t\t\t<\/div>\n\t\t\t\t<\/div>\n\t\t\t\t<div class=\"elementor-element elementor-element-a444808 elementor-widget__width-initial elementor-widget elementor-widget-text-editor\" data-id=\"a444808\" data-element_type=\"widget\" data-e-type=\"widget\" data-widget_type=\"text-editor.default\">\n\t\t\t\t<div class=\"elementor-widget-container\">\n\t\t\t\t\t\t\t\t\t<p>1. Regisztr\u00e1ljon az AIVA.ai oldalon.<br \/>2. V\u00e1lasszon egy sablont (pl. \u201eCinematic\u201d, \u201eLo-fi\u201d).<br \/>3. \u00c1ll\u00edtsa be a hangulatot, a temp\u00f3t \u00e9s a hangszerek cs\u00faszk\u00e1it.<br \/>4. Kattintson a \u201eCompose\u201d gombra, \u00e9s t\u00f6ltse le a MIDI- vagy audiof\u00e1jlt.<\/p>\t\t\t\t\t\t\t\t<\/div>\n\t\t\t\t<\/div>\n\t\t\t\t\t<\/div>\n\t\t\t\t<\/div>\n\t\t<div class=\"elementor-element elementor-element-b3b5df2 e-flex e-con-boxed e-con e-parent\" data-id=\"b3b5df2\" data-element_type=\"container\" data-e-type=\"container\">\n\t\t\t\t\t<div class=\"e-con-inner\">\n\t\t\t\t<div class=\"elementor-element elementor-element-6ee6e31 elementor-widget elementor-widget-spacer\" data-id=\"6ee6e31\" data-element_type=\"widget\" data-e-type=\"widget\" data-widget_type=\"spacer.default\">\n\t\t\t\t<div class=\"elementor-widget-container\">\n\t\t\t\t\t\t\t<div class=\"elementor-spacer\">\n\t\t\t<div class=\"elementor-spacer-inner\"><\/div>\n\t\t<\/div>\n\t\t\t\t\t\t<\/div>\n\t\t\t\t<\/div>\n\t\t\t\t\t<\/div>\n\t\t\t\t<\/div>\n\t\t<div class=\"elementor-element elementor-element-37bb6af e-flex e-con-boxed e-con e-parent\" data-id=\"37bb6af\" data-element_type=\"container\" data-e-type=\"container\">\n\t\t\t\t\t<div class=\"e-con-inner\">\n\t\t\t\t<div class=\"elementor-element elementor-element-af8fbcf elementor-widget elementor-widget-heading\" data-id=\"af8fbcf\" data-element_type=\"widget\" data-e-type=\"widget\" data-widget_type=\"heading.default\">\n\t\t\t\t<div class=\"elementor-widget-container\">\n\t\t\t\t\t<h2 class=\"elementor-heading-title elementor-size-default\">Haszn\u00e1lati jellemz\u0151k<\/h2>\t\t\t\t<\/div>\n\t\t\t\t<\/div>\n\t\t\t\t<div class=\"elementor-element elementor-element-5c96c5f elementor-widget__width-initial elementor-widget elementor-widget-text-editor\" data-id=\"5c96c5f\" data-element_type=\"widget\" data-e-type=\"widget\" data-widget_type=\"text-editor.default\">\n\t\t\t\t<div class=\"elementor-widget-container\">\n\t\t\t\t\t\t\t\t\t<p>\u00a0\u2022 Ingyenes szint: korl\u00e1tozott havi renderel\u00e9sek<br \/>\u2022 Fizet\u0151s: nagyobb felbont\u00e1s\u00fa hang, kereskedelmi licencek<br \/>\u2022 Csak ingyenes MIDI-export; az audio el\u0151fizet\u00e9st ig\u00e9nyel<br \/>\u2022 A jogd\u00edjmentes haszn\u00e1lat a csomagt\u00f3l f\u00fcgg<\/p>\t\t\t\t\t\t\t\t<\/div>\n\t\t\t\t<\/div>\n\t\t\t\t\t<\/div>\n\t\t\t\t<\/div>\n\t\t<div class=\"elementor-element elementor-element-9f8f518 e-flex e-con-boxed e-con e-parent\" data-id=\"9f8f518\" data-element_type=\"container\" data-e-type=\"container\">\n\t\t\t\t\t<div class=\"e-con-inner\">\n\t\t\t\t<div class=\"elementor-element elementor-element-8a2a1db elementor-widget elementor-widget-spacer\" data-id=\"8a2a1db\" data-element_type=\"widget\" data-e-type=\"widget\" data-widget_type=\"spacer.default\">\n\t\t\t\t<div class=\"elementor-widget-container\">\n\t\t\t\t\t\t\t<div class=\"elementor-spacer\">\n\t\t\t<div class=\"elementor-spacer-inner\"><\/div>\n\t\t<\/div>\n\t\t\t\t\t\t<\/div>\n\t\t\t\t<\/div>\n\t\t\t\t\t<\/div>\n\t\t\t\t<\/div>\n\t\t<div class=\"elementor-element elementor-element-8963895 e-flex e-con-boxed e-con e-parent\" data-id=\"8963895\" data-element_type=\"container\" data-e-type=\"container\">\n\t\t\t\t\t<div class=\"e-con-inner\">\n\t\t\t\t<div class=\"elementor-element elementor-element-9c27884 elementor-widget elementor-widget-heading\" data-id=\"9c27884\" data-element_type=\"widget\" data-e-type=\"widget\" data-widget_type=\"heading.default\">\n\t\t\t\t<div class=\"elementor-widget-container\">\n\t\t\t\t\t<h2 class=\"elementor-heading-title elementor-size-default\">Lehets\u00e9ges probl\u00e9m\u00e1k, korl\u00e1toz\u00e1sok, kock\u00e1zatok<\/h2>\t\t\t\t<\/div>\n\t\t\t\t<\/div>\n\t\t\t\t<div class=\"elementor-element elementor-element-974f6f0 elementor-widget__width-initial elementor-widget elementor-widget-text-editor\" data-id=\"974f6f0\" data-element_type=\"widget\" data-e-type=\"widget\" data-widget_type=\"text-editor.default\">\n\t\t\t\t<div class=\"elementor-widget-container\">\n\t\t\t\t\t\t\t\t\t<p>\u2022 Korl\u00e1tozott ellen\u0151rz\u00e9s a finom dinamik\u00e1k felett<br \/>\u2022 T\u00falzott haszn\u00e1lat eset\u00e9n ism\u00e9tl\u0151d\u0151 mint\u00e1k keletkezhetnek<br \/>\u2022 Az exportkorl\u00e1toz\u00e1sok megakad\u00e1lyozhatj\u00e1k a s\u00fcrg\u0151s projektek megval\u00f3s\u00edt\u00e1s\u00e1t<\/p>\t\t\t\t\t\t\t\t<\/div>\n\t\t\t\t<\/div>\n\t\t\t\t\t<\/div>\n\t\t\t\t<\/div>\n\t\t<div class=\"elementor-element elementor-element-ffa4fe4 e-flex e-con-boxed e-con e-parent\" data-id=\"ffa4fe4\" data-element_type=\"container\" data-e-type=\"container\">\n\t\t\t\t\t<div class=\"e-con-inner\">\n\t\t\t\t<div class=\"elementor-element elementor-element-c6c8d62 elementor-widget elementor-widget-spacer\" data-id=\"c6c8d62\" data-element_type=\"widget\" data-e-type=\"widget\" data-widget_type=\"spacer.default\">\n\t\t\t\t<div class=\"elementor-widget-container\">\n\t\t\t\t\t\t\t<div class=\"elementor-spacer\">\n\t\t\t<div class=\"elementor-spacer-inner\"><\/div>\n\t\t<\/div>\n\t\t\t\t\t\t<\/div>\n\t\t\t\t<\/div>\n\t\t\t\t\t<\/div>\n\t\t\t\t<\/div>\n\t\t<div class=\"elementor-element elementor-element-1ee98dd e-flex e-con-boxed e-con e-parent\" data-id=\"1ee98dd\" data-element_type=\"container\" data-e-type=\"container\">\n\t\t\t\t\t<div class=\"e-con-inner\">\n\t\t\t\t<div class=\"elementor-element elementor-element-0715706 elementor-widget elementor-widget-heading\" data-id=\"0715706\" data-element_type=\"widget\" data-e-type=\"widget\" data-widget_type=\"heading.default\">\n\t\t\t\t<div class=\"elementor-widget-container\">\n\t\t\t\t\t<h2 class=\"elementor-heading-title elementor-size-default\">Etikai \u00e9s biztons\u00e1gi k\u00e9rd\u00e9sek<\/h2>\t\t\t\t<\/div>\n\t\t\t\t<\/div>\n\t\t\t\t<div class=\"elementor-element elementor-element-dcd3e50 elementor-widget__width-initial elementor-widget elementor-widget-text-editor\" data-id=\"dcd3e50\" data-element_type=\"widget\" data-e-type=\"widget\" data-widget_type=\"text-editor.default\">\n\t\t\t\t<div class=\"elementor-widget-container\">\n\t\t\t\t\t\t\t\t\t<p>\u2022 A szerz\u0151s\u00e9g egy\u00e9rtelm\u0171s\u00e9ge, ha a mint\u00e1k megl\u00e9v\u0151 m\u0171vekre hasonl\u00edtanak<br \/>\u2022 Sz\u00fcl\u0151i fel\u00fcgyelet: minden koroszt\u00e1ly sz\u00e1m\u00e1ra megfelel\u0151, de a kritikus hallgat\u00e1sra \u00f6szt\u00f6n\u00f6z<\/p>\t\t\t\t\t\t\t\t<\/div>\n\t\t\t\t<\/div>\n\t\t\t\t\t<\/div>\n\t\t\t\t<\/div>\n\t\t<div class=\"elementor-element elementor-element-5897bbf e-flex e-con-boxed e-con e-parent\" data-id=\"5897bbf\" data-element_type=\"container\" data-e-type=\"container\">\n\t\t\t\t\t<div class=\"e-con-inner\">\n\t\t\t\t<div class=\"elementor-element elementor-element-c0ac50e elementor-widget elementor-widget-spacer\" data-id=\"c0ac50e\" data-element_type=\"widget\" data-e-type=\"widget\" data-widget_type=\"spacer.default\">\n\t\t\t\t<div class=\"elementor-widget-container\">\n\t\t\t\t\t\t\t<div class=\"elementor-spacer\">\n\t\t\t<div class=\"elementor-spacer-inner\"><\/div>\n\t\t<\/div>\n\t\t\t\t\t\t<\/div>\n\t\t\t\t<\/div>\n\t\t\t\t\t<\/div>\n\t\t\t\t<\/div>\n\t\t<div class=\"elementor-element elementor-element-bd4cb8e e-flex e-con-boxed e-con e-parent\" data-id=\"bd4cb8e\" data-element_type=\"container\" data-e-type=\"container\">\n\t\t\t\t\t<div class=\"e-con-inner\">\n\t\t\t\t<div class=\"elementor-element elementor-element-2a47c8e elementor-widget elementor-widget-heading\" data-id=\"2a47c8e\" data-element_type=\"widget\" data-e-type=\"widget\" data-widget_type=\"heading.default\">\n\t\t\t\t<div class=\"elementor-widget-container\">\n\t\t\t\t\t<h2 class=\"elementor-heading-title elementor-size-default\">Sk\u00e1l\u00e1zhat\u00f3s\u00e1g<\/h2>\t\t\t\t<\/div>\n\t\t\t\t<\/div>\n\t\t\t\t<div class=\"elementor-element elementor-element-241bc21 elementor-widget__width-initial elementor-widget elementor-widget-text-editor\" data-id=\"241bc21\" data-element_type=\"widget\" data-e-type=\"widget\" data-widget_type=\"text-editor.default\">\n\t\t\t\t<div class=\"elementor-widget-container\">\n\t\t\t\t\t\t\t\t\t<p>\u2022 Hobbib\u00f3l k\u00e9sz\u00fcl\u0151 dem\u00f3k \u2192 professzion\u00e1lis pontoz\u00e1s indie j\u00e1t\u00e9kokhoz<br \/>\u2022 Tanterem: AI tan\u00edt\u00e1sa zenei kurzusokon<br \/>\u2022 St\u00fadi\u00f3k: gyors makettek \u00fcgyfelek \u00e1ltali \u00e9rt\u00e9kel\u00e9shez<\/p><p>M\u00e1s oktat\u00e1si szinteken val\u00f3 felhaszn\u00e1l\u00e1s tekintet\u00e9ben:<br \/>\u2022 K\u00f6z\u00e9piskola: alapvet\u0151 \u00e9rt\u00e9kes\u00edt\u00e9si ismeretek felfedez\u00e9se<br \/>\u2022 Gimn\u00e1zium: kompoz\u00edci\u00f3s strukt\u00fara elemz\u00e9se<br \/>\u2022 Egyetem: integr\u00e1l\u00e1s a zenei produkci\u00f3ba vagy az AI etik\u00e1j\u00e1ba<\/p>\t\t\t\t\t\t\t\t<\/div>\n\t\t\t\t<\/div>\n\t\t\t\t\t<\/div>\n\t\t\t\t<\/div>\n\t\t<div class=\"elementor-element elementor-element-17761c8 e-flex e-con-boxed e-con e-parent\" data-id=\"17761c8\" data-element_type=\"container\" data-e-type=\"container\">\n\t\t\t\t\t<div class=\"e-con-inner\">\n\t\t\t\t<div class=\"elementor-element elementor-element-4e4834a elementor-widget elementor-widget-spacer\" data-id=\"4e4834a\" data-element_type=\"widget\" data-e-type=\"widget\" data-widget_type=\"spacer.default\">\n\t\t\t\t<div class=\"elementor-widget-container\">\n\t\t\t\t\t\t\t<div class=\"elementor-spacer\">\n\t\t\t<div class=\"elementor-spacer-inner\"><\/div>\n\t\t<\/div>\n\t\t\t\t\t\t<\/div>\n\t\t\t\t<\/div>\n\t\t\t\t\t<\/div>\n\t\t\t\t<\/div>\n\t\t<div class=\"elementor-element elementor-element-02fc151 e-flex e-con-boxed e-con e-parent\" data-id=\"02fc151\" data-element_type=\"container\" data-e-type=\"container\">\n\t\t\t\t\t<div class=\"e-con-inner\">\n\t\t\t\t<div class=\"elementor-element elementor-element-b68c75d elementor-widget elementor-widget-heading\" data-id=\"b68c75d\" data-element_type=\"widget\" data-e-type=\"widget\" data-widget_type=\"heading.default\">\n\t\t\t\t<div class=\"elementor-widget-container\">\n\t\t\t\t\t<h2 class=\"elementor-heading-title elementor-size-default\">Tov\u00e1bbi inform\u00e1ci\u00f3k<\/h2>\t\t\t\t<\/div>\n\t\t\t\t<\/div>\n\t\t\t\t<div class=\"elementor-element elementor-element-e3c0278 elementor-widget elementor-widget-text-editor\" data-id=\"e3c0278\" data-element_type=\"widget\" data-e-type=\"widget\" data-widget_type=\"text-editor.default\">\n\t\t\t\t<div class=\"elementor-widget-container\">\n\t\t\t\t\t\t\t\t\t<p>\u2022 St\u00edlusmegoszt\u00e1sra szolg\u00e1l\u00f3 k\u00f6z\u00f6ss\u00e9gi f\u00f3rummal rendelkezik<br \/>\u2022 Oktat\u00f3anyagok a DAW-k AIVA MIDI-vel val\u00f3 haszn\u00e1lat\u00e1r\u00f3l<\/p>\t\t\t\t\t\t\t\t<\/div>\n\t\t\t\t<\/div>\n\t\t\t\t\t<\/div>\n\t\t\t\t<\/div>\n\t\t<div class=\"elementor-element elementor-element-1f32c17 e-flex e-con-boxed e-con e-parent\" data-id=\"1f32c17\" data-element_type=\"container\" data-e-type=\"container\">\n\t\t\t\t\t<div class=\"e-con-inner\">\n\t\t\t\t<div class=\"elementor-element elementor-element-5df2204 elementor-widget elementor-widget-spacer\" data-id=\"5df2204\" data-element_type=\"widget\" data-e-type=\"widget\" data-widget_type=\"spacer.default\">\n\t\t\t\t<div class=\"elementor-widget-container\">\n\t\t\t\t\t\t\t<div class=\"elementor-spacer\">\n\t\t\t<div class=\"elementor-spacer-inner\"><\/div>\n\t\t<\/div>\n\t\t\t\t\t\t<\/div>\n\t\t\t\t<\/div>\n\t\t\t\t\t<\/div>\n\t\t\t\t<\/div>\n\t\t<div class=\"elementor-element elementor-element-64ede44 e-flex e-con-boxed e-con e-parent\" data-id=\"64ede44\" data-element_type=\"container\" data-e-type=\"container\">\n\t\t\t\t\t<div class=\"e-con-inner\">\n\t\t\t\t<div class=\"elementor-element elementor-element-68db70e elementor-widget elementor-widget-heading\" data-id=\"68db70e\" data-element_type=\"widget\" data-e-type=\"widget\" data-widget_type=\"heading.default\">\n\t\t\t\t<div class=\"elementor-widget-container\">\n\t\t\t\t\t<h2 class=\"elementor-heading-title elementor-size-default\">Egy\u00e9b hasonl\u00f3 alkalmaz\u00e1sok<\/h2>\t\t\t\t<\/div>\n\t\t\t\t<\/div>\n\t\t\t\t<div class=\"elementor-element elementor-element-95824a2 elementor-widget elementor-widget-text-editor\" data-id=\"95824a2\" data-element_type=\"widget\" data-e-type=\"widget\" data-widget_type=\"text-editor.default\">\n\t\t\t\t<div class=\"elementor-widget-container\">\n\t\t\t\t\t\t\t\t\t<p><span style=\"color: #0563c1;\"><u><a href=\"https:\/\/suno.com\/\">Suno<\/a><\/u><\/span><\/p>\n<p><span style=\"color: #0563c1;\"><u><a href=\"https:\/\/boomy.com\/\">Boomy<\/a><\/u><\/span><\/p>\n<p><span style=\"color: #0563c1;\"><u><a href=\"https:\/\/mubert.com\/\">Mubert<\/a><\/u><\/span><\/p>\t\t\t\t\t\t\t\t<\/div>\n\t\t\t\t<\/div>\n\t\t\t\t\t<\/div>\n\t\t\t\t<\/div>\n\t\t<div class=\"elementor-element elementor-element-91fc9ee e-flex e-con-boxed e-con e-parent\" data-id=\"91fc9ee\" data-element_type=\"container\" data-e-type=\"container\">\n\t\t\t\t\t<div class=\"e-con-inner\">\n\t\t\t\t<div class=\"elementor-element elementor-element-4fbb081 elementor-widget elementor-widget-spacer\" data-id=\"4fbb081\" data-element_type=\"widget\" data-e-type=\"widget\" data-widget_type=\"spacer.default\">\n\t\t\t\t<div class=\"elementor-widget-container\">\n\t\t\t\t\t\t\t<div class=\"elementor-spacer\">\n\t\t\t<div class=\"elementor-spacer-inner\"><\/div>\n\t\t<\/div>\n\t\t\t\t\t\t<\/div>\n\t\t\t\t<\/div>\n\t\t\t\t\t<\/div>\n\t\t\t\t<\/div>\n\t\t<div class=\"elementor-element elementor-element-1574506 e-flex e-con-boxed e-con e-parent\" data-id=\"1574506\" data-element_type=\"container\" data-e-type=\"container\">\n\t\t\t\t\t<div class=\"e-con-inner\">\n\t\t\t\t<div class=\"elementor-element elementor-element-9de7d51 elementor-widget elementor-widget-heading\" data-id=\"9de7d51\" data-element_type=\"widget\" data-e-type=\"widget\" data-widget_type=\"heading.default\">\n\t\t\t\t<div class=\"elementor-widget-container\">\n\t\t\t\t\t<h2 class=\"elementor-heading-title elementor-size-default\">Egy\u00e9b \u00e9rdekes funkci\u00f3k<\/h2>\t\t\t\t<\/div>\n\t\t\t\t<\/div>\n\t\t\t\t<div class=\"elementor-element elementor-element-72ae7aa elementor-widget__width-initial elementor-widget elementor-widget-text-editor\" data-id=\"72ae7aa\" data-element_type=\"widget\" data-e-type=\"widget\" data-widget_type=\"text-editor.default\">\n\t\t\t\t<div class=\"elementor-widget-container\">\n\t\t\t\t\t\t\t\t\t<p>\u2022 MIDI export DAW-okban val\u00f3 szerkeszt\u00e9shez,<br \/>\u2022 Egy\u00e9ni st\u00edlus \u201etanul\u00e1sa\u201d a felhaszn\u00e1l\u00f3k \u00e1ltal felt\u00f6lt\u00f6tt kott\u00e1kb\u00f3l,<br \/>\u2022 API hozz\u00e1f\u00e9r\u00e9s fejleszt\u0151k sz\u00e1m\u00e1ra.<\/p>\t\t\t\t\t\t\t\t<\/div>\n\t\t\t\t<\/div>\n\t\t\t\t\t<\/div>\n\t\t\t\t<\/div>\n\t\t<div class=\"elementor-element elementor-element-eb1c504 e-flex e-con-boxed e-con e-parent\" data-id=\"eb1c504\" data-element_type=\"container\" data-e-type=\"container\">\n\t\t\t\t\t<div class=\"e-con-inner\">\n\t\t\t\t<div class=\"elementor-element elementor-element-8fd63db elementor-widget elementor-widget-spacer\" data-id=\"8fd63db\" data-element_type=\"widget\" data-e-type=\"widget\" data-widget_type=\"spacer.default\">\n\t\t\t\t<div class=\"elementor-widget-container\">\n\t\t\t\t\t\t\t<div class=\"elementor-spacer\">\n\t\t\t<div class=\"elementor-spacer-inner\"><\/div>\n\t\t<\/div>\n\t\t\t\t\t\t<\/div>\n\t\t\t\t<\/div>\n\t\t\t\t\t<\/div>\n\t\t\t\t<\/div>\n\t\t\t\t<\/div>\n\t\t","protected":false},"excerpt":{"rendered":"<p>AIVA Le\u00edr\u00e1s Az AIVA (Artificial Intelligence Virtual Artist) klasszikus \u00e9s kort\u00e1rs kott\u00e1k alapj\u00e1n k\u00e9pzett m\u00e9lytanul\u00e1si modellek seg\u00edts\u00e9g\u00e9vel k\u00fcl\u00f6nb\u00f6z\u0151 hangulatokban \u00e9s&#8230;<\/p>\n","protected":false},"author":2,"featured_media":0,"parent":0,"menu_order":0,"comment_status":"closed","ping_status":"closed","template":"","meta":{"footnotes":""},"class_list":["post-7837","page","type-page","status-publish","hentry"],"_links":{"self":[{"href":"https:\/\/eyzen.net\/index.php\/wp-json\/wp\/v2\/pages\/7837","targetHints":{"allow":["GET"]}}],"collection":[{"href":"https:\/\/eyzen.net\/index.php\/wp-json\/wp\/v2\/pages"}],"about":[{"href":"https:\/\/eyzen.net\/index.php\/wp-json\/wp\/v2\/types\/page"}],"author":[{"embeddable":true,"href":"https:\/\/eyzen.net\/index.php\/wp-json\/wp\/v2\/users\/2"}],"replies":[{"embeddable":true,"href":"https:\/\/eyzen.net\/index.php\/wp-json\/wp\/v2\/comments?post=7837"}],"version-history":[{"count":4,"href":"https:\/\/eyzen.net\/index.php\/wp-json\/wp\/v2\/pages\/7837\/revisions"}],"predecessor-version":[{"id":8363,"href":"https:\/\/eyzen.net\/index.php\/wp-json\/wp\/v2\/pages\/7837\/revisions\/8363"}],"wp:attachment":[{"href":"https:\/\/eyzen.net\/index.php\/wp-json\/wp\/v2\/media?parent=7837"}],"curies":[{"name":"wp","href":"https:\/\/api.w.org\/{rel}","templated":true}]}}