{"id":7790,"date":"2025-08-27T22:12:54","date_gmt":"2025-08-27T21:12:54","guid":{"rendered":"https:\/\/eyzen.net\/?page_id=7790"},"modified":"2026-01-11T21:32:54","modified_gmt":"2026-01-11T20:32:54","slug":"rolunk","status":"publish","type":"page","link":"https:\/\/eyzen.net\/index.php\/hu\/rolunk\/","title":{"rendered":"R\u00f3lunk"},"content":{"rendered":"\t\t<div data-elementor-type=\"wp-page\" data-elementor-id=\"7790\" class=\"elementor elementor-7790\">\n\t\t\t\t<div class=\"elementor-element elementor-element-bc63d01 e-flex e-con-boxed e-con e-parent\" data-id=\"bc63d01\" data-element_type=\"container\" data-e-type=\"container\" data-settings=\"{&quot;background_background&quot;:&quot;slideshow&quot;,&quot;background_slideshow_gallery&quot;:[],&quot;background_slideshow_loop&quot;:&quot;yes&quot;,&quot;background_slideshow_slide_duration&quot;:5000,&quot;background_slideshow_slide_transition&quot;:&quot;fade&quot;,&quot;background_slideshow_transition_duration&quot;:500}\">\n\t\t\t\t\t<div class=\"e-con-inner\">\n\t\t\t\t<div class=\"elementor-element elementor-element-6319dce elementor-widget elementor-widget-heading\" data-id=\"6319dce\" data-element_type=\"widget\" data-e-type=\"widget\" data-widget_type=\"heading.default\">\n\t\t\t\t<div class=\"elementor-widget-container\">\n\t\t\t\t\t<h2 class=\"elementor-heading-title elementor-size-default\">R\u00f3lunk<\/h2>\t\t\t\t<\/div>\n\t\t\t\t<\/div>\n\t\t\t\t\t<\/div>\n\t\t\t\t<\/div>\n\t\t<div class=\"elementor-element elementor-element-fd46e71 e-flex e-con-boxed e-con e-parent\" data-id=\"fd46e71\" data-element_type=\"container\" data-e-type=\"container\">\n\t\t\t\t\t<div class=\"e-con-inner\">\n\t\t\t\t<div class=\"elementor-element elementor-element-e137dcb elementor-widget elementor-widget-spacer\" data-id=\"e137dcb\" data-element_type=\"widget\" data-e-type=\"widget\" data-widget_type=\"spacer.default\">\n\t\t\t\t<div class=\"elementor-widget-container\">\n\t\t\t\t\t\t\t<div class=\"elementor-spacer\">\n\t\t\t<div class=\"elementor-spacer-inner\"><\/div>\n\t\t<\/div>\n\t\t\t\t\t\t<\/div>\n\t\t\t\t<\/div>\n\t\t\t\t<div class=\"elementor-element elementor-element-8174071 elementor-widget elementor-widget-image\" data-id=\"8174071\" data-element_type=\"widget\" data-e-type=\"widget\" data-widget_type=\"image.default\">\n\t\t\t\t<div class=\"elementor-widget-container\">\n\t\t\t\t\t\t\t\t\t\t\t\t\t\t\t<img fetchpriority=\"high\" decoding=\"async\" width=\"640\" height=\"432\" src=\"https:\/\/eyzen.net\/wp-content\/uploads\/2023\/02\/about-us-section-1.png\" class=\"attachment-full size-full wp-image-2516\" alt=\"about us section 1\" srcset=\"https:\/\/eyzen.net\/wp-content\/uploads\/2023\/02\/about-us-section-1.png 640w, https:\/\/eyzen.net\/wp-content\/uploads\/2023\/02\/about-us-section-1-300x203.png 300w\" sizes=\"(max-width: 640px) 100vw, 640px\" \/>\t\t\t\t\t\t\t\t\t\t\t\t\t\t\t<\/div>\n\t\t\t\t<\/div>\n\t\t\t\t\t<\/div>\n\t\t\t\t<\/div>\n\t\t<div class=\"elementor-element elementor-element-eccae3b e-flex e-con-boxed e-con e-parent\" data-id=\"eccae3b\" data-element_type=\"container\" data-e-type=\"container\">\n\t\t\t\t\t<div class=\"e-con-inner\">\n\t\t<div class=\"elementor-element elementor-element-f7f0547 e-con-full e-flex e-con e-child\" data-id=\"f7f0547\" data-element_type=\"container\" data-e-type=\"container\">\n\t\t\t\t<div class=\"elementor-element elementor-element-73cb5d4 elementor-widget elementor-widget-text-editor\" data-id=\"73cb5d4\" data-element_type=\"widget\" data-e-type=\"widget\" data-widget_type=\"text-editor.default\">\n\t\t\t\t<div class=\"elementor-widget-container\">\n\t\t\t\t\t\t\t\t\t<p>\u00a0<\/p><p>A projekt f\u0151 c\u00e9lja a mesters\u00e9ges intelligencia (MI) hat\u00e9kony integr\u00e1l\u00e1sa az oktat\u00e1sba, a hagyom\u00e1nyos tanul\u00e1s \u00e9s az \u00faj technol\u00f3gi\u00e1k k\u00f6z\u00f6tti szakad\u00e9k \u00e1thidal\u00e1s\u00e1val. A sz\u0171k \u00e9s \u00e1ltal\u00e1nos MI-re egyar\u00e1nt \u00f6sszpontos\u00edtva a projekt c\u00e9lja a megl\u00e9v\u0151 oktat\u00e1si anyagok fejleszt\u00e9se \u00e9s vonz\u00f3 m\u0171helyek l\u00e9trehoz\u00e1sa, amelyek fejlesztik a digit\u00e1lis k\u00e9szs\u00e9geket \u00e9s k\u00e9pess\u00e9geket.<\/p><p>Az AI szerepe az oktat\u00e1sban tov\u00e1bbra is korl\u00e1tozott \u00e9s alulhasznos\u00edtott. Ez a projekt p\u00f3tolja ezt a hi\u00e1nyoss\u00e1got az\u00e1ltal, hogy felh\u00edvja a k\u00f6zv\u00e9lem\u00e9ny figyelm\u00e9t, k\u00e9pzi az oktat\u00f3kat \u00e9s hozz\u00e1f\u00e9rhet\u0151bb\u00e9 teszi az AI-eszk\u00f6z\u00f6ket. A m\u0171helyeket be\u00e9p\u00edtik a form\u00e1lis \u00e9s nem form\u00e1lis oktat\u00e1si rendszerekbe is.<\/p><p>A f\u0151 v\u00e1rt eredm\u00e9nyek a k\u00f6vetkez\u0151k: a k\u00edv\u00e1ncsis\u00e1g \u00f6szt\u00f6nz\u00e9se, interakt\u00edv, mesters\u00e9ges intelligenci\u00e1n alapul\u00f3 tanul\u00e1si \u00e9lm\u00e9nyek biztos\u00edt\u00e1sa, a 21. sz\u00e1zadi k\u00e9szs\u00e9gek, p\u00e9ld\u00e1ul a kritikus gondolkod\u00e1s \u00e9s a kreativit\u00e1s fejleszt\u00e9se, valamint a fiatalok foglalkoztathat\u00f3s\u00e1g\u00e1nak jav\u00edt\u00e1sa. V\u00e9gs\u0151 soron a projekt a digit\u00e1lis oktat\u00e1s \u00e9s a j\u00f6v\u0151beli munkaer\u0151 inkluz\u00edv k\u00e9szs\u00e9gfejleszt\u00e9s\u00e9nek t\u00e1gabb c\u00e9ljait t\u00e1mogatja.<\/p>\t\t\t\t\t\t\t\t<\/div>\n\t\t\t\t<\/div>\n\t\t\t\t<\/div>\n\t\t\t\t\t<\/div>\n\t\t\t\t<\/div>\n\t\t<div class=\"elementor-element elementor-element-7031dc8 e-flex e-con-boxed e-con e-parent\" data-id=\"7031dc8\" data-element_type=\"container\" data-e-type=\"container\">\n\t\t\t\t\t<div class=\"e-con-inner\">\n\t\t\t\t<div class=\"elementor-element elementor-element-9ead837 elementor-widget elementor-widget-spacer\" data-id=\"9ead837\" data-element_type=\"widget\" data-e-type=\"widget\" data-widget_type=\"spacer.default\">\n\t\t\t\t<div class=\"elementor-widget-container\">\n\t\t\t\t\t\t\t<div class=\"elementor-spacer\">\n\t\t\t<div class=\"elementor-spacer-inner\"><\/div>\n\t\t<\/div>\n\t\t\t\t\t\t<\/div>\n\t\t\t\t<\/div>\n\t\t\t\t\t<\/div>\n\t\t\t\t<\/div>\n\t\t<div class=\"elementor-element elementor-element-5ea72bd e-flex e-con-boxed e-con e-parent\" data-id=\"5ea72bd\" data-element_type=\"container\" data-e-type=\"container\">\n\t\t\t\t\t<div class=\"e-con-inner\">\n\t\t<div class=\"elementor-element elementor-element-79fff39 e-con-full e-flex e-con e-child\" data-id=\"79fff39\" data-element_type=\"container\" data-e-type=\"container\">\n\t\t\t\t<\/div>\n\t\t<div class=\"elementor-element elementor-element-1f19afd e-con-full e-flex e-con e-child\" data-id=\"1f19afd\" data-element_type=\"container\" data-e-type=\"container\">\n\t\t\t\t<div class=\"elementor-element elementor-element-adc8f9d elementor-widget elementor-widget-heading\" data-id=\"adc8f9d\" data-element_type=\"widget\" data-e-type=\"widget\" data-widget_type=\"heading.default\">\n\t\t\t\t<div class=\"elementor-widget-container\">\n\t\t\t\t\t<h2 class=\"elementor-heading-title elementor-size-default\">C\u00e9lok<\/h2>\t\t\t\t<\/div>\n\t\t\t\t<\/div>\n\t\t\t\t<div class=\"elementor-element elementor-element-8d00e07 elementor-widget elementor-widget-text-editor\" data-id=\"8d00e07\" data-element_type=\"widget\" data-e-type=\"widget\" data-widget_type=\"text-editor.default\">\n\t\t\t\t<div class=\"elementor-widget-container\">\n\t\t\t\t\t\t\t\t\t<p>\u00c1ltal\u00e1nos c\u00e9ljaink a k\u00f6vetkez\u0151k:<\/p><p>&#8211; Az oktat\u00e1s \u00e9s a mesters\u00e9ges intelligencia integr\u00e1ci\u00f3j\u00e1nak el\u0151seg\u00edt\u00e9se.<\/p><p>&#8211; Min\u0151s\u00e9gi oktat\u00e1s biztos\u00edt\u00e1sa mesters\u00e9ges intelligenci\u00e1t integr\u00e1l\u00f3 alkalmaz\u00e1sok haszn\u00e1lat\u00e1val.<\/p><p>&#8211; Hozz\u00e1f\u00e9r\u00e9s biztos\u00edt\u00e1sa oktat\u00e1si forr\u00e1sokhoz \u00e9s programokhoz a mesters\u00e9ges intelligenci\u00e1t integr\u00e1l\u00f3 oktat\u00e1s el\u0151mozd\u00edt\u00e1sa \u00e9rdek\u00e9ben.<\/p><p>&#8211; Hozz\u00e1j\u00e1rul\u00e1s a fiatalok foglalkoztat\u00e1s\u00e1hoz.<\/p><p>&#8211; A 21. sz\u00e1zadi k\u00e9szs\u00e9gek fejleszt\u00e9s\u00e9nek el\u0151mozd\u00edt\u00e1sa a fiatalok k\u00f6r\u00e9ben.<\/p>\t\t\t\t\t\t\t\t<\/div>\n\t\t\t\t<\/div>\n\t\t\t\t<\/div>\n\t\t\t\t\t<\/div>\n\t\t\t\t<\/div>\n\t\t<div class=\"elementor-element elementor-element-7be3ea7 e-flex e-con-boxed e-con e-parent\" data-id=\"7be3ea7\" data-element_type=\"container\" data-e-type=\"container\">\n\t\t\t\t\t<div class=\"e-con-inner\">\n\t\t\t\t<div class=\"elementor-element elementor-element-fde95bf elementor-widget elementor-widget-spacer\" data-id=\"fde95bf\" data-element_type=\"widget\" data-e-type=\"widget\" data-widget_type=\"spacer.default\">\n\t\t\t\t<div class=\"elementor-widget-container\">\n\t\t\t\t\t\t\t<div class=\"elementor-spacer\">\n\t\t\t<div class=\"elementor-spacer-inner\"><\/div>\n\t\t<\/div>\n\t\t\t\t\t\t<\/div>\n\t\t\t\t<\/div>\n\t\t\t\t\t<\/div>\n\t\t\t\t<\/div>\n\t\t<div class=\"elementor-element elementor-element-4401d31 e-flex e-con-boxed e-con e-parent\" data-id=\"4401d31\" data-element_type=\"container\" data-e-type=\"container\">\n\t\t\t\t\t<div class=\"e-con-inner\">\n\t\t<div class=\"elementor-element elementor-element-b79d4eb e-con-full e-flex e-con e-child\" data-id=\"b79d4eb\" data-element_type=\"container\" data-e-type=\"container\">\n\t\t\t\t<\/div>\n\t\t<div class=\"elementor-element elementor-element-ce33a58 e-con-full e-flex e-con e-child\" data-id=\"ce33a58\" data-element_type=\"container\" data-e-type=\"container\">\n\t\t\t\t<div class=\"elementor-element elementor-element-738c2bf elementor-widget elementor-widget-heading\" data-id=\"738c2bf\" data-element_type=\"widget\" data-e-type=\"widget\" data-widget_type=\"heading.default\">\n\t\t\t\t<div class=\"elementor-widget-container\">\n\t\t\t\t\t<h2 class=\"elementor-heading-title elementor-size-default\">Tev\u00e9kenys\u00e9gek<\/h2>\t\t\t\t<\/div>\n\t\t\t\t<\/div>\n\t\t\t\t<div class=\"elementor-element elementor-element-f419f49 elementor-widget elementor-widget-text-editor\" data-id=\"f419f49\" data-element_type=\"widget\" data-e-type=\"widget\" data-widget_type=\"text-editor.default\">\n\t\t\t\t<div class=\"elementor-widget-container\">\n\t\t\t\t\t\t\t\t\t<p>A c\u00e9lok el\u00e9r\u00e9s\u00e9hez \u00f6t tev\u00e9kenys\u00e9get terveznek:<\/p><p>1. Menedzsment \u00e9s v\u00e9grehajt\u00e1s, bele\u00e9rtve h\u00e1rom transznacion\u00e1lis utaz\u00e1st a szervez\u00e9s \u00e9s fejleszt\u00e9s \u00e9rdek\u00e9ben.<\/p><p>2. 30 mesters\u00e9ges intelligencia eszk\u00f6zb\u0151l \u00e1ll\u00f3 panel, amelyek felhaszn\u00e1l\u00e1suk szerint vannak kiv\u00e1lasztva \u00e9s kategoriz\u00e1lva.<\/p><p>3. Alkalmazott oktat\u00f3anyagok \u00fatmutat\u00f3ja fiatalok sz\u00e1m\u00e1ra (statikus k\u00e9pz\u00e9s egy e-learning platformon SPOOC form\u00e1tumban).<\/p><p>4. Szem\u00e9lyre szabott tanul\u00e1si k\u00f6rnyezet, amely minden fiatalhoz alkalmazkodik (dinamikus \u00e9letre sz\u00f3l\u00f3 k\u00e9pz\u00e9s).<\/p><p>5. Terjeszt\u00e9si \u00e9s multiplik\u00e1tor esem\u00e9nyek.<\/p>\t\t\t\t\t\t\t\t<\/div>\n\t\t\t\t<\/div>\n\t\t\t\t<\/div>\n\t\t\t\t\t<\/div>\n\t\t\t\t<\/div>\n\t\t<div class=\"elementor-element elementor-element-8eeef30 e-flex e-con-boxed e-con e-parent\" data-id=\"8eeef30\" data-element_type=\"container\" data-e-type=\"container\">\n\t\t\t\t\t<div class=\"e-con-inner\">\n\t\t\t\t<div class=\"elementor-element elementor-element-e762879 elementor-widget elementor-widget-spacer\" data-id=\"e762879\" data-element_type=\"widget\" data-e-type=\"widget\" data-widget_type=\"spacer.default\">\n\t\t\t\t<div class=\"elementor-widget-container\">\n\t\t\t\t\t\t\t<div class=\"elementor-spacer\">\n\t\t\t<div class=\"elementor-spacer-inner\"><\/div>\n\t\t<\/div>\n\t\t\t\t\t\t<\/div>\n\t\t\t\t<\/div>\n\t\t\t\t\t<\/div>\n\t\t\t\t<\/div>\n\t\t<div class=\"elementor-element elementor-element-a2a7a60 e-flex e-con-boxed e-con e-parent\" data-id=\"a2a7a60\" data-element_type=\"container\" data-e-type=\"container\">\n\t\t\t\t\t<div class=\"e-con-inner\">\n\t\t<div class=\"elementor-element elementor-element-c30ee63 e-con-full e-flex e-con e-child\" data-id=\"c30ee63\" data-element_type=\"container\" data-e-type=\"container\">\n\t\t\t\t<\/div>\n\t\t<div class=\"elementor-element elementor-element-3637c2f e-con-full e-flex e-con e-child\" data-id=\"3637c2f\" data-element_type=\"container\" data-e-type=\"container\">\n\t\t\t\t<div class=\"elementor-element elementor-element-cf43f4b elementor-widget elementor-widget-heading\" data-id=\"cf43f4b\" data-element_type=\"widget\" data-e-type=\"widget\" data-widget_type=\"heading.default\">\n\t\t\t\t<div class=\"elementor-widget-container\">\n\t\t\t\t\t<h2 class=\"elementor-heading-title elementor-size-default\">Hat\u00e1s<\/h2>\t\t\t\t<\/div>\n\t\t\t\t<\/div>\n\t\t\t\t<div class=\"elementor-element elementor-element-addab6a elementor-widget elementor-widget-text-editor\" data-id=\"addab6a\" data-element_type=\"widget\" data-e-type=\"widget\" data-widget_type=\"text-editor.default\">\n\t\t\t\t<div class=\"elementor-widget-container\">\n\t\t\t\t\t\t\t\t\t<p>-A mesters\u00e9ges intelligencia haszn\u00e1lata elterjedt lesz.<\/p><p>-Mesters\u00e9ges intelligenci\u00e1val integr\u00e1lt min\u0151s\u00e9gi oktat\u00e1s val\u00f3sul meg.<\/p><p>-A di\u00e1kok \u00e9lvezetes k\u00f6rnyezetet kapnak, hogy sz\u00f3rakoz\u00e1s k\u00f6zben tanulhassanak.<\/p><p>-Kultur\u00e1lis interakci\u00f3 alakul ki a partnerek k\u00f6z\u00f6tt.<\/p><p>-A mesters\u00e9ges intelligencia elleni el\u0151\u00edt\u00e9letek megsz\u0171nnek.<\/p><p>-A di\u00e1kok alapvet\u0151 ismereteket szereznek a mesters\u00e9ges intelligenci\u00e1r\u00f3l.<\/p><p>-El\u0151seg\u00edtik a di\u00e1kok 21. sz\u00e1zadi k\u00e9szs\u00e9geinek \u00e9s k\u00edv\u00e1ncsis\u00e1g\u00e1nak fejl\u0151d\u00e9s\u00e9t.<\/p>\t\t\t\t\t\t\t\t<\/div>\n\t\t\t\t<\/div>\n\t\t\t\t<\/div>\n\t\t\t\t\t<\/div>\n\t\t\t\t<\/div>\n\t\t\t\t<\/div>\n\t\t","protected":false},"excerpt":{"rendered":"<p>R\u00f3lunk \u00a0 A projekt f\u0151 c\u00e9lja a mesters\u00e9ges intelligencia (MI) hat\u00e9kony integr\u00e1l\u00e1sa az oktat\u00e1sba, a hagyom\u00e1nyos tanul\u00e1s \u00e9s az \u00faj&#8230;<\/p>\n","protected":false},"author":2,"featured_media":0,"parent":0,"menu_order":0,"comment_status":"closed","ping_status":"closed","template":"","meta":{"footnotes":""},"class_list":["post-7790","page","type-page","status-publish","hentry"],"_links":{"self":[{"href":"https:\/\/eyzen.net\/index.php\/wp-json\/wp\/v2\/pages\/7790","targetHints":{"allow":["GET"]}}],"collection":[{"href":"https:\/\/eyzen.net\/index.php\/wp-json\/wp\/v2\/pages"}],"about":[{"href":"https:\/\/eyzen.net\/index.php\/wp-json\/wp\/v2\/types\/page"}],"author":[{"embeddable":true,"href":"https:\/\/eyzen.net\/index.php\/wp-json\/wp\/v2\/users\/2"}],"replies":[{"embeddable":true,"href":"https:\/\/eyzen.net\/index.php\/wp-json\/wp\/v2\/comments?post=7790"}],"version-history":[{"count":10,"href":"https:\/\/eyzen.net\/index.php\/wp-json\/wp\/v2\/pages\/7790\/revisions"}],"predecessor-version":[{"id":8373,"href":"https:\/\/eyzen.net\/index.php\/wp-json\/wp\/v2\/pages\/7790\/revisions\/8373"}],"wp:attachment":[{"href":"https:\/\/eyzen.net\/index.php\/wp-json\/wp\/v2\/media?parent=7790"}],"curies":[{"name":"wp","href":"https:\/\/api.w.org\/{rel}","templated":true}]}}