{"id":7116,"date":"2025-05-30T15:35:48","date_gmt":"2025-05-30T14:35:48","guid":{"rendered":"https:\/\/eyzen.net\/?page_id=7116"},"modified":"2025-09-11T08:16:17","modified_gmt":"2025-09-11T07:16:17","slug":"sobre-nosotros","status":"publish","type":"page","link":"https:\/\/eyzen.net\/index.php\/es\/sobre-nosotros\/","title":{"rendered":"Sobre nosotros"},"content":{"rendered":"\t\t<div data-elementor-type=\"wp-page\" data-elementor-id=\"7116\" class=\"elementor elementor-7116\">\n\t\t\t\t<div class=\"elementor-element elementor-element-bc63d01 e-flex e-con-boxed e-con e-parent\" data-id=\"bc63d01\" data-element_type=\"container\" data-e-type=\"container\" data-settings=\"{&quot;background_background&quot;:&quot;slideshow&quot;,&quot;background_slideshow_gallery&quot;:[],&quot;background_slideshow_loop&quot;:&quot;yes&quot;,&quot;background_slideshow_slide_duration&quot;:5000,&quot;background_slideshow_slide_transition&quot;:&quot;fade&quot;,&quot;background_slideshow_transition_duration&quot;:500}\">\n\t\t\t\t\t<div class=\"e-con-inner\">\n\t\t\t\t<div class=\"elementor-element elementor-element-6319dce elementor-widget elementor-widget-heading\" data-id=\"6319dce\" data-element_type=\"widget\" data-e-type=\"widget\" data-widget_type=\"heading.default\">\n\t\t\t\t<div class=\"elementor-widget-container\">\n\t\t\t\t\t<h2 class=\"elementor-heading-title elementor-size-default\">Sobre nosotros<\/h2>\t\t\t\t<\/div>\n\t\t\t\t<\/div>\n\t\t\t\t\t<\/div>\n\t\t\t\t<\/div>\n\t\t<div class=\"elementor-element elementor-element-fd46e71 e-flex e-con-boxed e-con e-parent\" data-id=\"fd46e71\" data-element_type=\"container\" data-e-type=\"container\">\n\t\t\t\t\t<div class=\"e-con-inner\">\n\t\t\t\t<div class=\"elementor-element elementor-element-e137dcb elementor-widget elementor-widget-spacer\" data-id=\"e137dcb\" data-element_type=\"widget\" data-e-type=\"widget\" data-widget_type=\"spacer.default\">\n\t\t\t\t<div class=\"elementor-widget-container\">\n\t\t\t\t\t\t\t<div class=\"elementor-spacer\">\n\t\t\t<div class=\"elementor-spacer-inner\"><\/div>\n\t\t<\/div>\n\t\t\t\t\t\t<\/div>\n\t\t\t\t<\/div>\n\t\t\t\t\t<\/div>\n\t\t\t\t<\/div>\n\t\t<div class=\"elementor-element elementor-element-eccae3b e-flex e-con-boxed e-con e-parent\" data-id=\"eccae3b\" data-element_type=\"container\" data-e-type=\"container\">\n\t\t\t\t\t<div class=\"e-con-inner\">\n\t\t<div class=\"elementor-element elementor-element-f7f0547 e-con-full e-flex e-con e-child\" data-id=\"f7f0547\" data-element_type=\"container\" data-e-type=\"container\">\n\t\t\t\t<div class=\"elementor-element elementor-element-73cb5d4 elementor-widget elementor-widget-text-editor\" data-id=\"73cb5d4\" data-element_type=\"widget\" data-e-type=\"widget\" data-widget_type=\"text-editor.default\">\n\t\t\t\t<div class=\"elementor-widget-container\">\n\t\t\t\t\t\t\t\t\t<p>El objetivo principal de este proyecto es integrar eficazmente la inteligencia artificial (IA) en la educaci\u00f3n, acortando la brecha entre el aprendizaje tradicional y las tecnolog\u00edas emergentes. Al centrarse tanto en la IA espec\u00edfica como en la general, el proyecto busca mejorar los materiales educativos existentes y crear talleres atractivos que desarrollen habilidades y competencias digitales.<\/p><p>El papel de la IA en la educaci\u00f3n sigue siendo limitado y se est\u00e1 infrautilizando. Este proyecto aborda esta brecha mediante la sensibilizaci\u00f3n, la formaci\u00f3n de educadores y la accesibilidad de las herramientas de IA. Los talleres tambi\u00e9n se incorporar\u00e1n a los sistemas educativos formales y no formales.<\/p><p>Los resultados clave incluyen fomentar la curiosidad, ofrecer experiencias de aprendizaje interactivas basadas en IA, desarrollar habilidades del siglo XXI como el pensamiento cr\u00edtico y la creatividad, y mejorar la empleabilidad de los j\u00f3venes. En definitiva, el proyecto apoya los objetivos m\u00e1s amplios de la educaci\u00f3n digital y el desarrollo de habilidades inclusivas para la futura fuerza laboral.<\/p>\t\t\t\t\t\t\t\t<\/div>\n\t\t\t\t<\/div>\n\t\t\t\t<\/div>\n\t\t\t\t\t<\/div>\n\t\t\t\t<\/div>\n\t\t<div class=\"elementor-element elementor-element-7031dc8 e-flex e-con-boxed e-con e-parent\" data-id=\"7031dc8\" data-element_type=\"container\" data-e-type=\"container\">\n\t\t\t\t\t<div class=\"e-con-inner\">\n\t\t\t\t<div class=\"elementor-element elementor-element-9ead837 elementor-widget elementor-widget-spacer\" data-id=\"9ead837\" data-element_type=\"widget\" data-e-type=\"widget\" data-widget_type=\"spacer.default\">\n\t\t\t\t<div class=\"elementor-widget-container\">\n\t\t\t\t\t\t\t<div class=\"elementor-spacer\">\n\t\t\t<div class=\"elementor-spacer-inner\"><\/div>\n\t\t<\/div>\n\t\t\t\t\t\t<\/div>\n\t\t\t\t<\/div>\n\t\t\t\t\t<\/div>\n\t\t\t\t<\/div>\n\t\t<div class=\"elementor-element elementor-element-5ea72bd e-flex e-con-boxed e-con e-parent\" data-id=\"5ea72bd\" data-element_type=\"container\" data-e-type=\"container\">\n\t\t\t\t\t<div class=\"e-con-inner\">\n\t\t<div class=\"elementor-element elementor-element-79fff39 e-con-full e-flex e-con e-child\" data-id=\"79fff39\" data-element_type=\"container\" data-e-type=\"container\">\n\t\t\t\t<div class=\"elementor-element elementor-element-43e0ec1 elementor-widget elementor-widget-image\" data-id=\"43e0ec1\" data-element_type=\"widget\" data-e-type=\"widget\" data-widget_type=\"image.default\">\n\t\t\t\t<div class=\"elementor-widget-container\">\n\t\t\t\t\t\t\t\t\t\t\t\t\t\t\t<img fetchpriority=\"high\" decoding=\"async\" width=\"630\" height=\"630\" src=\"https:\/\/eyzen.net\/wp-content\/uploads\/2025\/01\/teacher-2.jpg\" class=\"attachment-large size-large wp-image-6872\" alt=\"\" srcset=\"https:\/\/eyzen.net\/wp-content\/uploads\/2025\/01\/teacher-2.jpg 630w, https:\/\/eyzen.net\/wp-content\/uploads\/2025\/01\/teacher-2-300x300.jpg 300w, https:\/\/eyzen.net\/wp-content\/uploads\/2025\/01\/teacher-2-150x150.jpg 150w\" sizes=\"(max-width: 630px) 100vw, 630px\" \/>\t\t\t\t\t\t\t\t\t\t\t\t\t\t\t<\/div>\n\t\t\t\t<\/div>\n\t\t\t\t<\/div>\n\t\t<div class=\"elementor-element elementor-element-1f19afd e-con-full e-flex e-con e-child\" data-id=\"1f19afd\" data-element_type=\"container\" data-e-type=\"container\">\n\t\t\t\t<div class=\"elementor-element elementor-element-adc8f9d elementor-widget elementor-widget-heading\" data-id=\"adc8f9d\" data-element_type=\"widget\" data-e-type=\"widget\" data-widget_type=\"heading.default\">\n\t\t\t\t<div class=\"elementor-widget-container\">\n\t\t\t\t\t<h2 class=\"elementor-heading-title elementor-size-default\">Objetivos<\/h2>\t\t\t\t<\/div>\n\t\t\t\t<\/div>\n\t\t\t\t<div class=\"elementor-element elementor-element-8d00e07 elementor-widget elementor-widget-text-editor\" data-id=\"8d00e07\" data-element_type=\"widget\" data-e-type=\"widget\" data-widget_type=\"text-editor.default\">\n\t\t\t\t<div class=\"elementor-widget-container\">\n\t\t\t\t\t\t\t\t\t<p>Nuestros objetivos generales son los siguientes:<\/p><p>&#8211; Facilitar la integraci\u00f3n de la educaci\u00f3n con la inteligencia artificial<\/p><p>&#8211; Ofrecer una educaci\u00f3n de calidad mediante el uso de aplicaciones integradas con IA<\/p><p>&#8211; Facilitar el acceso a recursos y programas educativos para promover la educaci\u00f3n integrada con IA<\/p><p>&#8211; Contribuir al empleo juvenil<\/p><p>&#8211; Promover el desarrollo de habilidades del siglo XXI entre los j\u00f3venes.<\/p>\t\t\t\t\t\t\t\t<\/div>\n\t\t\t\t<\/div>\n\t\t\t\t<\/div>\n\t\t\t\t\t<\/div>\n\t\t\t\t<\/div>\n\t\t<div class=\"elementor-element elementor-element-7be3ea7 e-flex e-con-boxed e-con e-parent\" data-id=\"7be3ea7\" data-element_type=\"container\" data-e-type=\"container\">\n\t\t\t\t\t<div class=\"e-con-inner\">\n\t\t\t\t<div class=\"elementor-element elementor-element-fde95bf elementor-widget elementor-widget-spacer\" data-id=\"fde95bf\" data-element_type=\"widget\" data-e-type=\"widget\" data-widget_type=\"spacer.default\">\n\t\t\t\t<div class=\"elementor-widget-container\">\n\t\t\t\t\t\t\t<div class=\"elementor-spacer\">\n\t\t\t<div class=\"elementor-spacer-inner\"><\/div>\n\t\t<\/div>\n\t\t\t\t\t\t<\/div>\n\t\t\t\t<\/div>\n\t\t\t\t\t<\/div>\n\t\t\t\t<\/div>\n\t\t<div class=\"elementor-element elementor-element-4401d31 e-flex e-con-boxed e-con e-parent\" data-id=\"4401d31\" data-element_type=\"container\" data-e-type=\"container\">\n\t\t\t\t\t<div class=\"e-con-inner\">\n\t\t<div class=\"elementor-element elementor-element-b79d4eb e-con-full e-flex e-con e-child\" data-id=\"b79d4eb\" data-element_type=\"container\" data-e-type=\"container\">\n\t\t\t\t<div class=\"elementor-element elementor-element-cb30c9d elementor-widget elementor-widget-image\" data-id=\"cb30c9d\" data-element_type=\"widget\" data-e-type=\"widget\" data-widget_type=\"image.default\">\n\t\t\t\t<div class=\"elementor-widget-container\">\n\t\t\t\t\t\t\t\t\t\t\t\t\t\t\t<img fetchpriority=\"high\" decoding=\"async\" width=\"630\" height=\"630\" src=\"https:\/\/eyzen.net\/wp-content\/uploads\/2025\/01\/teacher-2.jpg\" class=\"attachment-large size-large wp-image-6872\" alt=\"\" srcset=\"https:\/\/eyzen.net\/wp-content\/uploads\/2025\/01\/teacher-2.jpg 630w, https:\/\/eyzen.net\/wp-content\/uploads\/2025\/01\/teacher-2-300x300.jpg 300w, https:\/\/eyzen.net\/wp-content\/uploads\/2025\/01\/teacher-2-150x150.jpg 150w\" sizes=\"(max-width: 630px) 100vw, 630px\" \/>\t\t\t\t\t\t\t\t\t\t\t\t\t\t\t<\/div>\n\t\t\t\t<\/div>\n\t\t\t\t<\/div>\n\t\t<div class=\"elementor-element elementor-element-ce33a58 e-con-full e-flex e-con e-child\" data-id=\"ce33a58\" data-element_type=\"container\" data-e-type=\"container\">\n\t\t\t\t<div class=\"elementor-element elementor-element-738c2bf elementor-widget elementor-widget-heading\" data-id=\"738c2bf\" data-element_type=\"widget\" data-e-type=\"widget\" data-widget_type=\"heading.default\">\n\t\t\t\t<div class=\"elementor-widget-container\">\n\t\t\t\t\t<h2 class=\"elementor-heading-title elementor-size-default\">Actividades<\/h2>\t\t\t\t<\/div>\n\t\t\t\t<\/div>\n\t\t\t\t<div class=\"elementor-element elementor-element-f419f49 elementor-widget elementor-widget-text-editor\" data-id=\"f419f49\" data-element_type=\"widget\" data-e-type=\"widget\" data-widget_type=\"text-editor.default\">\n\t\t\t\t<div class=\"elementor-widget-container\">\n\t\t\t\t\t\t\t\t\t<p>Se han planificado cinco actividades para alcanzar los objetivos:<\/p><p>1. Gesti\u00f3n e implementaci\u00f3n, incluyendo tres viajes transnacionales para la organizaci\u00f3n y el desarrollo.<\/p><p>2. Panel de 30 herramientas de Inteligencia Artificial seleccionadas y categorizadas por uso.<\/p><p>3. Gu\u00eda de tutoriales aplicados para j\u00f3venes (formaci\u00f3n est\u00e1tica en una plataforma de aprendizaje electr\u00f3nico en formato SPOOC).<\/p><p>4. Entorno de aprendizaje personalizado para cada joven (formaci\u00f3n din\u00e1mica para la vida).<\/p><p>5. Eventos de difusi\u00f3n y multiplicaci\u00f3n.<\/p>\t\t\t\t\t\t\t\t<\/div>\n\t\t\t\t<\/div>\n\t\t\t\t<\/div>\n\t\t\t\t\t<\/div>\n\t\t\t\t<\/div>\n\t\t<div class=\"elementor-element elementor-element-8eeef30 e-flex e-con-boxed e-con e-parent\" data-id=\"8eeef30\" data-element_type=\"container\" data-e-type=\"container\">\n\t\t\t\t\t<div class=\"e-con-inner\">\n\t\t\t\t<div class=\"elementor-element elementor-element-e762879 elementor-widget elementor-widget-spacer\" data-id=\"e762879\" data-element_type=\"widget\" data-e-type=\"widget\" data-widget_type=\"spacer.default\">\n\t\t\t\t<div class=\"elementor-widget-container\">\n\t\t\t\t\t\t\t<div class=\"elementor-spacer\">\n\t\t\t<div class=\"elementor-spacer-inner\"><\/div>\n\t\t<\/div>\n\t\t\t\t\t\t<\/div>\n\t\t\t\t<\/div>\n\t\t\t\t\t<\/div>\n\t\t\t\t<\/div>\n\t\t<div class=\"elementor-element elementor-element-a2a7a60 e-flex e-con-boxed e-con e-parent\" data-id=\"a2a7a60\" data-element_type=\"container\" data-e-type=\"container\">\n\t\t\t\t\t<div class=\"e-con-inner\">\n\t\t<div class=\"elementor-element elementor-element-c30ee63 e-con-full e-flex e-con e-child\" data-id=\"c30ee63\" data-element_type=\"container\" data-e-type=\"container\">\n\t\t\t\t<div class=\"elementor-element elementor-element-c2365d3 elementor-widget elementor-widget-image\" data-id=\"c2365d3\" data-element_type=\"widget\" data-e-type=\"widget\" data-widget_type=\"image.default\">\n\t\t\t\t<div class=\"elementor-widget-container\">\n\t\t\t\t\t\t\t\t\t\t\t\t\t\t\t<img fetchpriority=\"high\" decoding=\"async\" width=\"630\" height=\"630\" src=\"https:\/\/eyzen.net\/wp-content\/uploads\/2025\/01\/teacher-2.jpg\" class=\"attachment-large size-large wp-image-6872\" alt=\"\" srcset=\"https:\/\/eyzen.net\/wp-content\/uploads\/2025\/01\/teacher-2.jpg 630w, https:\/\/eyzen.net\/wp-content\/uploads\/2025\/01\/teacher-2-300x300.jpg 300w, https:\/\/eyzen.net\/wp-content\/uploads\/2025\/01\/teacher-2-150x150.jpg 150w\" sizes=\"(max-width: 630px) 100vw, 630px\" \/>\t\t\t\t\t\t\t\t\t\t\t\t\t\t\t<\/div>\n\t\t\t\t<\/div>\n\t\t\t\t<\/div>\n\t\t<div class=\"elementor-element elementor-element-3637c2f e-con-full e-flex e-con e-child\" data-id=\"3637c2f\" data-element_type=\"container\" data-e-type=\"container\">\n\t\t\t\t<div class=\"elementor-element elementor-element-cf43f4b elementor-widget elementor-widget-heading\" data-id=\"cf43f4b\" data-element_type=\"widget\" data-e-type=\"widget\" data-widget_type=\"heading.default\">\n\t\t\t\t<div class=\"elementor-widget-container\">\n\t\t\t\t\t<h2 class=\"elementor-heading-title elementor-size-default\">Impacto<\/h2>\t\t\t\t<\/div>\n\t\t\t\t<\/div>\n\t\t\t\t<div class=\"elementor-element elementor-element-addab6a elementor-widget elementor-widget-text-editor\" data-id=\"addab6a\" data-element_type=\"widget\" data-e-type=\"widget\" data-widget_type=\"text-editor.default\">\n\t\t\t\t<div class=\"elementor-widget-container\">\n\t\t\t\t\t\t\t\t\t<p>-Se generalizar\u00e1 el uso de la inteligencia artificial.<\/p><p>-Se lograr\u00e1 una educaci\u00f3n de calidad con integraci\u00f3n de IA.<\/p><p>-Se proporcionar\u00e1 a los estudiantes un entorno agradable para que puedan aprender mientras se divierten.<\/p><p>-Habr\u00e1 interacci\u00f3n cultural entre los socios.<\/p><p>-Se eliminar\u00e1n los prejuicios contra la inteligencia artificial.<\/p><p>-Se proporcionar\u00e1 a los estudiantes conocimientos fundamentales sobre inteligencia artificial.<\/p><p>-Se promover\u00e1 el desarrollo de las habilidades del siglo XXI y la curiosidad de los estudiantes.<\/p>\t\t\t\t\t\t\t\t<\/div>\n\t\t\t\t<\/div>\n\t\t\t\t<\/div>\n\t\t\t\t\t<\/div>\n\t\t\t\t<\/div>\n\t\t\t\t<\/div>\n\t\t","protected":false},"excerpt":{"rendered":"<p>Sobre nosotros El objetivo principal de este proyecto es integrar eficazmente la inteligencia artificial (IA) en la educaci\u00f3n, acortando la&#8230;<\/p>\n","protected":false},"author":2,"featured_media":0,"parent":0,"menu_order":0,"comment_status":"closed","ping_status":"closed","template":"","meta":{"footnotes":""},"class_list":["post-7116","page","type-page","status-publish","hentry"],"_links":{"self":[{"href":"https:\/\/eyzen.net\/index.php\/wp-json\/wp\/v2\/pages\/7116","targetHints":{"allow":["GET"]}}],"collection":[{"href":"https:\/\/eyzen.net\/index.php\/wp-json\/wp\/v2\/pages"}],"about":[{"href":"https:\/\/eyzen.net\/index.php\/wp-json\/wp\/v2\/types\/page"}],"author":[{"embeddable":true,"href":"https:\/\/eyzen.net\/index.php\/wp-json\/wp\/v2\/users\/2"}],"replies":[{"embeddable":true,"href":"https:\/\/eyzen.net\/index.php\/wp-json\/wp\/v2\/comments?post=7116"}],"version-history":[{"count":7,"href":"https:\/\/eyzen.net\/index.php\/wp-json\/wp\/v2\/pages\/7116\/revisions"}],"predecessor-version":[{"id":8123,"href":"https:\/\/eyzen.net\/index.php\/wp-json\/wp\/v2\/pages\/7116\/revisions\/8123"}],"wp:attachment":[{"href":"https:\/\/eyzen.net\/index.php\/wp-json\/wp\/v2\/media?parent=7116"}],"curies":[{"name":"wp","href":"https:\/\/api.w.org\/{rel}","templated":true}]}}